{"id":70,"date":"2024-01-10T15:04:26","date_gmt":"2024-01-10T18:04:26","guid":{"rendered":"https:\/\/www.sbq.org.br\/bahia\/?page_id=70"},"modified":"2024-01-18T17:43:17","modified_gmt":"2024-01-18T20:43:17","slug":"relatorios","status":"publish","type":"page","link":"https:\/\/www.sbq.org.br\/bahia\/sobre-a-secretaria-regional-da-bahia\/relatorios\/","title":{"rendered":"Relat\u00f3rios"},"content":{"rendered":"\n<section id=\"gd0736f\" class=\"wp-block-gutentor-p4 section-gd0736f gutentor-post-module gutentor-advanced-post-module\" data-gpid=\"70\" data-l-ani=\"gp4-animation-1\" data-i-b=\"gutentor\/p1\" data-maxnumpages=\"2\">\n\n<section class=\"gutentor-post-module section-76c09469-203d-4659-abf4-de983bd2a0d7 gutentor-post-module-p1 gutentor_p1_template1 wp-block-gutentor-p1 gutentor-blog-grid\" id=\"76c09469-203d-4659-abf4-de983bd2a0d7\" data-gbid=\"76c09469-203d-4659-abf4-de983bd2a0d7\" >\n<div class='grid-container'><div class='grid-row' ><article class='gutentor-post gutentor-post-no-thumb  grid-lg-12 grid-md-4 grid-12'><div class='gutentor-post-item'><div class=\"gutentor-post-title-data-wrap\"><h3 class=\"gutentor-post-title\"><a href=\"https:\/\/www.sbq.org.br\/bahia\/relatorio-de-atividades-da-gestao-2016-2018\/\" rel=\"bookmark\">Relat\u00f3rio de atividades da gest\u00e3o 2016-2018.<\/a><\/h3><\/div><div class=\"gutentor-post-desc\">Ap\u00f3s o findar da gest\u00e3o 2016-2018, composta pelos professores Rennan Geovanny O. Araujo (secret\u00e1rio,&hellip;<\/div><a class=\"gutentor-button gutentor-post-button\"  href=\"https:\/\/www.sbq.org.br\/bahia\/relatorio-de-atividades-da-gestao-2016-2018\/\" href=\"https:\/\/www.sbq.org.br\/bahia\/relatorio-de-atividades-da-gestao-2016-2018\/\"><span>Read More<\/span><\/a><\/div><\/article><article class='gutentor-post gutentor-post-no-thumb  grid-lg-12 grid-md-4 grid-12'><div class='gutentor-post-item'><div class=\"gutentor-post-title-data-wrap\"><h3 class=\"gutentor-post-title\"><a href=\"https:\/\/www.sbq.org.br\/bahia\/relatorio-da-regional-sbq-bahia-2014-2016\/\" rel=\"bookmark\">Relat\u00f3rio da regional SBQ Bahia 2014-2016<\/a><\/h3><\/div><div class=\"gutentor-post-desc\">A regional Bahia mant\u00e9m sua tradi\u00e7\u00e3o de fortes atividades ligadas aos seus associados, apoiando de m&hellip;<\/div><a class=\"gutentor-button gutentor-post-button\"  href=\"https:\/\/www.sbq.org.br\/bahia\/relatorio-da-regional-sbq-bahia-2014-2016\/\" href=\"https:\/\/www.sbq.org.br\/bahia\/relatorio-da-regional-sbq-bahia-2014-2016\/\"><span>Read More<\/span><\/a><\/div><\/article><article class='gutentor-post gutentor-post-no-thumb  grid-lg-12 grid-md-4 grid-12'><div class='gutentor-post-item'><div class=\"gutentor-post-title-data-wrap\"><h3 class=\"gutentor-post-title\"><a href=\"https:\/\/www.sbq.org.br\/bahia\/nova-base-nacional-comum-curricular-em-quimica\/\" rel=\"bookmark\">Nova Base Nacional Comum Curricular em Qu\u00edmica<\/a><\/h3><\/div><div class=\"gutentor-post-desc\">Com o intuito de colaborar com a discuss\u00e3o da nova Base Nacional Comum Curricular, important\u00edssima d&hellip;<\/div><a class=\"gutentor-button gutentor-post-button\"  href=\"https:\/\/www.sbq.org.br\/bahia\/nova-base-nacional-comum-curricular-em-quimica\/\" href=\"https:\/\/www.sbq.org.br\/bahia\/nova-base-nacional-comum-curricular-em-quimica\/\"><span>Read More<\/span><\/a><\/div><\/article><article class='gutentor-post gutentor-post-no-thumb  grid-lg-12 grid-md-4 grid-12'><div class='gutentor-post-item'><div class=\"gutentor-post-title-data-wrap\"><h3 class=\"gutentor-post-title\"><a href=\"https:\/\/www.sbq.org.br\/bahia\/relatorio-da-regional-sbq-bahia-2012-2014\/\" rel=\"bookmark\">Relat\u00f3rio da regional SBQ Bahia 2012-2014<\/a><\/h3><\/div><div class=\"gutentor-post-desc\">Segue relat\u00f3rio das atividades da gest\u00e3o 2012-2014. Agradecemos a todos os envolvidos que nos socorr&hellip;<\/div><a class=\"gutentor-button gutentor-post-button\"  href=\"https:\/\/www.sbq.org.br\/bahia\/relatorio-da-regional-sbq-bahia-2012-2014\/\" href=\"https:\/\/www.sbq.org.br\/bahia\/relatorio-da-regional-sbq-bahia-2012-2014\/\"><span>Read More<\/span><\/a><\/div><\/article><article class='gutentor-post gutentor-post-no-thumb  grid-lg-12 grid-md-4 grid-12'><div class='gutentor-post-item'><div class=\"gutentor-post-title-data-wrap\"><h3 class=\"gutentor-post-title\"><a href=\"https:\/\/www.sbq.org.br\/bahia\/proposta-de-revitalizacao-do-encontro-de-quimica-do-nordeste-sbq-nordeste\/\" rel=\"bookmark\">Proposta de revitaliza\u00e7\u00e3o do Encontro de Qu\u00edmica do Nordeste &#8211; SBQ Nordeste<\/a><\/h3><\/div><div class=\"gutentor-post-desc\">Durante os \u00faltimos anos a regional Bahia da SBQ tem envidado esfor\u00e7os no sentido de resgatar a reali&hellip;<\/div><a class=\"gutentor-button gutentor-post-button\"  href=\"https:\/\/www.sbq.org.br\/bahia\/proposta-de-revitalizacao-do-encontro-de-quimica-do-nordeste-sbq-nordeste\/\" href=\"https:\/\/www.sbq.org.br\/bahia\/proposta-de-revitalizacao-do-encontro-de-quimica-do-nordeste-sbq-nordeste\/\"><span>Read More<\/span><\/a><\/div><\/article><article class='gutentor-post gutentor-post-no-thumb  grid-lg-12 grid-md-4 grid-12'><div class='gutentor-post-item'><div class=\"gutentor-post-title-data-wrap\"><h3 class=\"gutentor-post-title\"><a href=\"https:\/\/www.sbq.org.br\/bahia\/exposicao-quimica-no-cotidiano\/\" rel=\"bookmark\">Exposi\u00e7\u00e3o Qu\u00edmica no Cotidiano<\/a><\/h3><\/div><div class=\"gutentor-post-desc\">Cole\u00e7\u00e3o de 21 banners, de alta qualidade e impacto visual, que descrevem a import\u00e2ncia da Qu\u00edmica na&hellip;<\/div><a class=\"gutentor-button gutentor-post-button\"  href=\"https:\/\/www.sbq.org.br\/bahia\/exposicao-quimica-no-cotidiano\/\" href=\"https:\/\/www.sbq.org.br\/bahia\/exposicao-quimica-no-cotidiano\/\"><span>Read More<\/span><\/a><\/div><\/article><article class='gutentor-post gutentor-post-no-thumb  grid-lg-12 grid-md-4 grid-12'><div class='gutentor-post-item'><div class=\"gutentor-post-title-data-wrap\"><h3 class=\"gutentor-post-title\"><a href=\"https:\/\/www.sbq.org.br\/bahia\/iii-workshop-de-quimica-quimica-sem-fronteiras\/\" rel=\"bookmark\">III Workshop de Qu\u00edmica: Qu\u00edmica sem Fronteiras<\/a><\/h3><\/div><div class=\"gutentor-post-desc\">O &quot;III Workshop de Qu\u00edmica: qu\u00edmica sem fronteiras&quot; foi realizado de 20-22 de novembro 201&hellip;<\/div><a class=\"gutentor-button gutentor-post-button\"  href=\"https:\/\/www.sbq.org.br\/bahia\/iii-workshop-de-quimica-quimica-sem-fronteiras\/\" href=\"https:\/\/www.sbq.org.br\/bahia\/iii-workshop-de-quimica-quimica-sem-fronteiras\/\"><span>Read More<\/span><\/a><\/div><\/article><article class='gutentor-post gutentor-post-no-thumb  grid-lg-12 grid-md-4 grid-12'><div class='gutentor-post-item'><div class=\"gutentor-post-title-data-wrap\"><h3 class=\"gutentor-post-title\"><a href=\"https:\/\/www.sbq.org.br\/bahia\/ii-semana-de-quimica-icads-2\/\" rel=\"bookmark\">II Semana de Qu\u00edmica &#8211; ICADS<\/a><\/h3><\/div><div class=\"gutentor-post-desc\">Relat\u00f3rio da II Semana de Qu\u00edmica ICADS\/2013http:\/\/www.sbq.org.br\/wp-content\/uploads\/sites\/17\/2023\/1&hellip;<\/div><a class=\"gutentor-button gutentor-post-button\"  href=\"https:\/\/www.sbq.org.br\/bahia\/ii-semana-de-quimica-icads-2\/\" href=\"https:\/\/www.sbq.org.br\/bahia\/ii-semana-de-quimica-icads-2\/\"><span>Read More<\/span><\/a><\/div><\/article><article class='gutentor-post gutentor-post-no-thumb  grid-lg-12 grid-md-4 grid-12'><div class='gutentor-post-item'><div class=\"gutentor-post-title-data-wrap\"><h3 class=\"gutentor-post-title\"><a href=\"https:\/\/www.sbq.org.br\/bahia\/poster-de-divulgacao-dos-representantes-sbq\/\" rel=\"bookmark\">Poster de divulga\u00e7\u00e3o dos representantes SBQ<\/a><\/h3><\/div><div class=\"gutentor-post-desc\">Segue poster que ser\u00e1 utilizado para divulga\u00e7\u00e3o nas Unidades dos novos representantes da SBQ pelo Es&hellip;<\/div><a class=\"gutentor-button gutentor-post-button\"  href=\"https:\/\/www.sbq.org.br\/bahia\/poster-de-divulgacao-dos-representantes-sbq\/\" href=\"https:\/\/www.sbq.org.br\/bahia\/poster-de-divulgacao-dos-representantes-sbq\/\"><span>Read More<\/span><\/a><\/div><\/article><article class='gutentor-post gutentor-post-no-thumb  grid-lg-12 grid-md-4 grid-12'><div class='gutentor-post-item'><div class=\"gutentor-post-title-data-wrap\"><h3 class=\"gutentor-post-title\"><a href=\"https:\/\/www.sbq.org.br\/bahia\/representantes-sbq\/\" rel=\"bookmark\">Representantes SBQ<\/a><\/h3><\/div><div class=\"gutentor-post-desc\">A Secretaria Regional da SBQ\/Bahia, buscando interiorizar e descentralizar suas atividades, entrou e&hellip;<\/div><a class=\"gutentor-button gutentor-post-button\"  href=\"https:\/\/www.sbq.org.br\/bahia\/representantes-sbq\/\" href=\"https:\/\/www.sbq.org.br\/bahia\/representantes-sbq\/\"><span>Read More<\/span><\/a><\/div><\/article><\/div><\/div><\/section>\n\n\n<div id=\"section-g2f5c38\" class=\"wp-block-gutentor-e17 section-g2f5c38 gutentor-element gutentor-post-footer\"><div class=\"grid-container\"><div class=\"grid-row\">\n<div id=\"col-gm8af354\" class=\"wp-block-gutentor-e15 gutentor-single-column  grid-lg-12 grid-md-12 grid-12\"><div id=\"section-gm8af354\" class=\"section-gm8af354 gutentor-col-wrap\">\n<div id=\"section-gf7fd71\" class=\"wp-block-gutentor-e12 section-gf7fd71 gutentor-element gutentor-element-pagination text-align-center-mobile\"><div class=\"gutentor-pagination-wrap\" data-maxnumpages=\"2\"><ul class=\"gutentor-pagination\"><li class=\"gutentor-pagination-item gutentor-pagination-prev\"><a class=\"gutentor-pagination-link gutentor-disabled\" href=\"#\"><i class=\"fas fa-chevron-left\"><\/i>Previous<\/a><\/li><li class=\"gutentor-pagination-item gutentor-pagination-active\" data-gpage=\"1\"><a class=\"gutentor-pagination-link\" href=\"#\">1<\/a><\/li><li class=\"gutentor-pagination-item\"><a class=\"gutentor-pagination-link\" href=\"#\" data-gpage=\"2\">2<\/a><\/li><li class=\"gutentor-pagination-item gutentor-pagination-next\"><a class=\"gutentor-pagination-link\" href=\"#\" data-gpage=\"2\">Next<i class=\"fas fa-chevron-right\"><\/i><\/a><\/li><\/ul><\/div><\/div>\n<\/div><\/div>\n<\/div><\/div><\/div>\n<\/section>\n","protected":false},"excerpt":{"rendered":"","protected":false},"author":1,"featured_media":0,"parent":74,"menu_order":0,"comment_status":"closed","ping_status":"closed","template":"institucional","meta":{"footnotes":""},"_links":{"self":[{"href":"https:\/\/www.sbq.org.br\/bahia\/wp-json\/wp\/v2\/pages\/70"}],"collection":[{"href":"https:\/\/www.sbq.org.br\/bahia\/wp-json\/wp\/v2\/pages"}],"about":[{"href":"https:\/\/www.sbq.org.br\/bahia\/wp-json\/wp\/v2\/types\/page"}],"author":[{"embeddable":true,"href":"https:\/\/www.sbq.org.br\/bahia\/wp-json\/wp\/v2\/users\/1"}],"replies":[{"embeddable":true,"href":"https:\/\/www.sbq.org.br\/bahia\/wp-json\/wp\/v2\/comments?post=70"}],"version-history":[{"count":2,"href":"https:\/\/www.sbq.org.br\/bahia\/wp-json\/wp\/v2\/pages\/70\/revisions"}],"predecessor-version":[{"id":118,"href":"https:\/\/www.sbq.org.br\/bahia\/wp-json\/wp\/v2\/pages\/70\/revisions\/118"}],"up":[{"embeddable":true,"href":"https:\/\/www.sbq.org.br\/bahia\/wp-json\/wp\/v2\/pages\/74"}],"wp:attachment":[{"href":"https:\/\/www.sbq.org.br\/bahia\/wp-json\/wp\/v2\/media?parent=70"}],"curies":[{"name":"wp","href":"https:\/\/api.w.org\/{rel}","templated":true}]}}