{"id":31,"date":"2015-05-27T12:15:34","date_gmt":"2015-05-27T15:15:34","guid":{"rendered":"https:\/\/www.sbq.org.br\/regional_bahia\/guias-sbq-bahia\/"},"modified":"2024-10-23T08:56:21","modified_gmt":"2024-10-23T11:56:21","slug":"guias-sbq-bahia","status":"publish","type":"page","link":"https:\/\/www.sbq.org.br\/bahia\/guias-sbq-bahia\/","title":{"rendered":"Guias SBQ Bahia"},"content":{"rendered":"\n<div class=\"wp-block-columns is-layout-flex wp-container-core-columns-layout-1 wp-block-columns-is-layout-flex\">\n<div class=\"wp-block-column is-layout-flow wp-block-column-is-layout-flow\" style=\"flex-basis:33.33%\">\n<h4 class=\"wp-block-heading\">Guias SBQ Bahia<\/h4>\n\n\n\n<p>A regional Bahia da Sociedade Brasileira de Qu\u00edmica, atrav\u00e9s do esfor\u00e7o de alguns de seus s\u00f3cios, vem produzindo guias de consulta r\u00e1pida em temas experimentais relacionados ao aprendizado em Qu\u00edmica. Esta iniciativa conta com os apoios do INCT em Energia e Ambiente, PRONEM, PRONEX, SINC do Brasil e B\u00fcchi. J\u00e1 foram lan\u00e7ados o guia de interpreta\u00e7\u00e3o de espectros de infravermelho e ultravioleta, e na reuni\u00e3o anual da SBQ\/2015 foi lan\u00e7ada a r\u00e9gua de cromatografia em camada delgada &#8211; CCD. Outros guias est\u00e3o em fase de confec\u00e7\u00e3o, representando o esfor\u00e7o da regional Bahia em colaborar com a difus\u00e3o do conhecimento qu\u00edmico e o fortalecimento do ensino da mat\u00e9ria Qu\u00edmica.<\/p>\n<\/div>\n\n\n\n<div class=\"wp-block-column is-layout-flow wp-block-column-is-layout-flow\"><\/div>\n\n\n\n<div class=\"wp-block-column is-layout-flow wp-block-column-is-layout-flow\" style=\"flex-basis:66.66%\">\n<h4 class=\"wp-block-heading\">Guia 2: r\u00e9gua com informa\u00e7\u00f5es sobre CCD<\/h4>\n\n\n\n<p>Segunda publica\u00e7\u00e3o da regional Bahia, \u00e9 um guia em forma de r\u00e9gua, que traz informa\u00e7\u00f5es b\u00e1sicas e importantes sobre cromatografia em camada delgada. Pr\u00e1tico e funcional, foi pensado para ser usado nos laborat\u00f3rios de ensino e pesquisa, como instrumento auxiliar dos alunos e pesquisadores.<\/p>\n\n\n\n<p><a href=\"http:\/\/www.sbq.org.br\/bahia\/wp-content\/uploads\/sites\/17\/2024\/08\/guia_sbq_ccd_regua_2015_pagina_sbq.pdf\">guia_sbq_ccd_regua_2015_pagina_sbq.pdf<\/a><\/p>\n\n\n\n<h4 class=\"wp-block-heading\">Guia 1: interpreta\u00e7\u00e3o de espectros ultravioleta e infravermelho<\/h4>\n\n\n\n<p>Primeiro guia produzido pela regional Bahia, \u00e9 um guia de interpreta\u00e7\u00e3o de espectros de infravermelho e de ultravioleta. Cont\u00e9m as informa\u00e7\u00f5es b\u00e1sicas necess\u00e1rias para auxiliar os alunos em seus estudos sobre estas duas t\u00e9cnicas de an\u00e1lise estrutural.<\/p>\n\n\n\n<p><a href=\"http:\/\/www.sbq.org.br\/bahia\/wp-content\/uploads\/sites\/17\/2024\/08\/iv_uv_sbq_ba_2013_cian_grafica.pdf\">iv_uv_sbq_ba_2013_cian_grafica.pdf<\/a><\/p>\n<\/div>\n<\/div>\n","protected":false},"excerpt":{"rendered":"<p>Guias SBQ Bahia A regional Bahia da Sociedade Brasileira de Qu\u00edmica, atrav\u00e9s do esfor\u00e7o de alguns de seus s\u00f3cios, vem produzindo guias de consulta r\u00e1pida em temas experimentais relacionados ao aprendizado em Qu\u00edmica. Esta iniciativa conta com os apoios do INCT em Energia e Ambiente, PRONEM, PRONEX, SINC do Brasil e B\u00fcchi. J\u00e1 foram lan\u00e7ados [&hellip;]<\/p>\n","protected":false},"author":1,"featured_media":0,"parent":0,"menu_order":0,"comment_status":"closed","ping_status":"closed","template":"","meta":{"footnotes":""},"_links":{"self":[{"href":"https:\/\/www.sbq.org.br\/bahia\/wp-json\/wp\/v2\/pages\/31"}],"collection":[{"href":"https:\/\/www.sbq.org.br\/bahia\/wp-json\/wp\/v2\/pages"}],"about":[{"href":"https:\/\/www.sbq.org.br\/bahia\/wp-json\/wp\/v2\/types\/page"}],"author":[{"embeddable":true,"href":"https:\/\/www.sbq.org.br\/bahia\/wp-json\/wp\/v2\/users\/1"}],"replies":[{"embeddable":true,"href":"https:\/\/www.sbq.org.br\/bahia\/wp-json\/wp\/v2\/comments?post=31"}],"version-history":[{"count":4,"href":"https:\/\/www.sbq.org.br\/bahia\/wp-json\/wp\/v2\/pages\/31\/revisions"}],"predecessor-version":[{"id":237,"href":"https:\/\/www.sbq.org.br\/bahia\/wp-json\/wp\/v2\/pages\/31\/revisions\/237"}],"wp:attachment":[{"href":"https:\/\/www.sbq.org.br\/bahia\/wp-json\/wp\/v2\/media?parent=31"}],"curies":[{"name":"wp","href":"https:\/\/api.w.org\/{rel}","templated":true}]}}