{"id":30,"date":"2015-05-27T12:01:20","date_gmt":"2015-05-27T15:01:20","guid":{"rendered":"https:\/\/www.sbq.org.br\/regional_bahia\/historia-de-regional\/"},"modified":"2024-12-06T15:04:16","modified_gmt":"2024-12-06T18:04:16","slug":"historia-de-regional","status":"publish","type":"page","link":"https:\/\/www.sbq.org.br\/bahia\/historia-de-regional\/","title":{"rendered":"Hist\u00f3ria de Regional"},"content":{"rendered":"<p><strong>1984-1986:<\/strong> Implanta\u00e7\u00e3o da Secretaria Regional da Bahia da Sociedade Brasileira de Qu\u00edmica (SBQ).<\/p>\n<ul>\n<li><strong>Secret\u00e1rio Regional:<\/strong> Miguel Fascio (UFBA);<\/li>\n<li><strong>Vice-Secret\u00e1rio:<\/strong> Mer\u00edlio Pinheiro Veiga (UFBA);<\/li>\n<li><strong>Tesoureiro:<\/strong> Jos\u00e9 Luis de Paula Barros Silva (UFBA).<\/li>\n<\/ul>\n<p><strong>1986-1988:<\/strong><\/p>\n<ul>\n<li><strong>Secret\u00e1rio Regional:<\/strong> Jailson Bittencourt de Andrade (UFBA);<\/li>\n<li><strong>Vice-Secret\u00e1ria:<\/strong> Adelaide Maria Vieira Viveiros (UFBA);<\/li>\n<li><strong>Tesoureiro:<\/strong> Wilson Ara\u00fajo Lopes (UFBA).<\/li>\n<\/ul>\n<p><strong>1988-1990:<\/strong><\/p>\n<ul>\n<li><strong>Secret\u00e1rio Regional:<\/strong> Miguel Fascio (UFBA);<\/li>\n<li><strong>Vice-Secret\u00e1rio:<\/strong> Jos\u00e9 Lu\u00eds de Paula Barros Silva (UFBA);<\/li>\n<li><strong>Tesoureiro:<\/strong> Mer\u00edlio Pinheiro Veiga (UFBA).<\/li>\n<\/ul>\n<p><strong>1990-1992:<\/strong><\/p>\n<ul>\n<li><strong>Secret\u00e1ria Regional:<\/strong> Adelaide Maria Vieira Viveros (UFBA).<\/li>\n<\/ul>\n<p><strong>1990-1992:<\/strong><\/p>\n<ul>\n<li><strong>Secret\u00e1ria Regional:<\/strong> Adelaide Maria Vieira Viveros (UFBA);<\/li>\n<\/ul>\n<p><strong>1998-2000:<\/strong><\/p>\n<ul>\n<li><strong>Secret\u00e1ria Regional:<\/strong> Maria das Gra\u00e7as Andrade Korn (UFBA);<\/li>\n<\/ul>\n<p><strong>2000-2002:<\/strong><\/p>\n<ul>\n<li><strong>Secret\u00e1ria regional:<\/strong> Cristina Maria Assis Lopes Tavares da Mata Herminda Quintella (UFBA);<\/li>\n<li><strong>Vice-Secret\u00e1ria:<\/strong> M\u00e1rcia Velloso (UFBA);<\/li>\n<li><strong>Tesoureiro:<\/strong> Marluce Oliveira da Guarda Souza (UNEB).<\/li>\n<\/ul>\n<p><strong>2002-2004:<\/strong><\/p>\n<ul>\n<li><strong>Secret\u00e1ria Regional:<\/strong> Marta Val\u00e9ria Almeida Santana de Andrade (UNEB);<\/li>\n<li><strong>Vice-Secret\u00e1ria:<\/strong> Helo\u00edsa L\u00facia Castelar Pinheiro (CEFET);<\/li>\n<li><strong>Tesoureira:<\/strong> Luciana Almeida Silva (UFBA).<\/li>\n<\/ul>\n<p><strong>2004-2006:<\/strong><\/p>\n<ul>\n<li><strong>Secret\u00e1rio Regional:<\/strong> Mauro Korn (UNEB);<\/li>\n<li><strong>Vice-Secret\u00e1rio<\/strong>: Valfredo Azevedo Lemos (UESB);<\/li>\n<li><strong>Tesoureira:<\/strong> Luciana Almeida Silva (UFBA).<\/li>\n<\/ul>\n<p><strong>2006-2008:<\/strong><\/p>\n<ul>\n<li><strong>Secret\u00e1rio Regional:<\/strong> Mauro Korn (UNEB);<\/li>\n<li><strong>Vice-Secret\u00e1rio:<\/strong> Valfredo Azevedo Lemos (UESB);<\/li>\n<li><strong>Tesoureira:<\/strong> Luciana Almeida Silva (UFBA).<\/li>\n<\/ul>\n<p><strong>2008-2010:<\/strong><\/p>\n<ul>\n<li><strong>Secret\u00e1rio Regional:<\/strong> Wilson Ara\u00fajo Lopes (UFBA);<\/li>\n<li><strong>Vice-Secret\u00e1rio:<\/strong> Valfredo Azevedo Lemos (UESB);<\/li>\n<li><strong>Tesoureira:<\/strong> N\u00fabia Moura Ribeiro (IFBA-Salvador).<\/li>\n<\/ul>\n<p><strong>2010-2012:<\/strong><\/p>\n<ul>\n<li><strong>Secret\u00e1rio Regional:<\/strong> Wilson Ara\u00fajo Lopes (UFBA);<\/li>\n<li><strong>Vice-Secret\u00e1rio:<\/strong> Valfredo Azevedo Lemos (UESB);<\/li>\n<li><strong>Tesoureira:<\/strong> N\u00fabia Moura Ribeiro (IFBA-Salvador).<\/li>\n<\/ul>\n<p><strong>2012-2014:<\/strong><\/p>\n<ul>\n<li><strong>Secret\u00e1rio Regional:<\/strong> Mauricio Moraes Victor (UFBA);<\/li>\n<li><strong>Vice-Secret\u00e1rio:<\/strong> F\u00e1bio Alan Carqueija Amorim (UESC);<\/li>\n<li><strong>Tesoureiro:<\/strong> Walter Alves Gomes J\u00fanior (IFBA-Salvador).<\/li>\n<\/ul>\n<p><strong>2006-2008:<\/strong><\/p>\n<ul>\n<li><strong>Secret\u00e1rio regional:<\/strong> Mauro Korn (UNEB);<\/li>\n<li><strong>Vice-Secret\u00e1rio:<\/strong> Valfredo Azevedo Lemos (UESB);<\/li>\n<li><strong>Tesoureira:<\/strong> Luciana Almeida Silva (UFBA).<\/li>\n<\/ul>\n<p><strong>2008-2010:<\/strong><\/p>\n<ul>\n<li><strong>Secret\u00e1rio Regional:<\/strong> Wilson Ara\u00fajo Lopes (UFBA);<\/li>\n<li><strong>Vice-Secret\u00e1rio:<\/strong> Valfredo Azevedo Lemos (UESB);<\/li>\n<li><strong>Tesoureira:<\/strong> N\u00fabia Moura Ribeiro (IFBA-Salvador).<\/li>\n<\/ul>\n<p><strong>2010-2012:<\/strong><\/p>\n<ul>\n<li><strong>Secret\u00e1rio Regional:<\/strong> Wilson Ara\u00fajo Lopes (UFBA);<\/li>\n<li><strong>Vice-Secret\u00e1rio:<\/strong> Valfredo Azevedo Lemos (UESB);<\/li>\n<li><strong>Tesoureira:<\/strong> N\u00fabia Moura Ribeiro (IFBA-Salvador).<\/li>\n<\/ul>\n<p><strong>2012-2014:<\/strong><\/p>\n<ul>\n<li><strong>Secret\u00e1rio Regional:<\/strong> Mauricio Moraes Victor (UFBA);<\/li>\n<li><strong>Vice-Secret\u00e1rio:<\/strong> F\u00e1bio Alan Carqueija Amorim (UESC);<\/li>\n<li><strong>Tesoureiro:<\/strong> Walter Alves Gomes J\u00fanior (IFBA-Salvador).<\/li>\n<\/ul>\n<p><strong>2018-2020:<\/strong><\/p>\n<ul>\n<li><strong>Secret\u00e1ria Regional:<\/strong> Eliane de Oliveira Silva (UFBA);<\/li>\n<li><strong>Vice-Secret\u00e1rio:<\/strong> F\u00e1bio Alan Carqueija Amorim (UESC);<\/li>\n<li><strong>Tesoureiro:<\/strong> Wilson Ara\u00fajo Lopes (UFBA).<\/li>\n<\/ul>\n<p><strong>2020-2022:<\/strong><\/p>\n<ul>\n<li><strong>Secret\u00e1rio Regional:<\/strong> Eliane de Oliveira Silva (UFBA);<\/li>\n<li><strong>Vice-Secret\u00e1rio:<\/strong> Marluce Oliveira da Guarda Souza (UESB);<\/li>\n<li><strong>Tesoureira:<\/strong> Val\u00e9ria Belli Riatto (UFBA).<\/li>\n<\/ul>\n<p><strong>2022-2024:<\/strong><\/p>\n<ul>\n<li><strong>Secret\u00e1ria Regional:<\/strong> Val\u00e9ria Belli Riatto (UFBA);<\/li>\n<li><strong>Vice-Secret\u00e1rio:<\/strong> Tiago Vin\u00edcius Alves (UFBA);<\/li>\n<li><strong>Tesoureiro:<\/strong> Jorge Mauricio David (UFBA).<\/li>\n<\/ul>\n<p><strong>2024-2026:<\/strong><\/p>\n<ul>\n<li><strong>Secret\u00e1rio Regional:<\/strong> Tiago Vin\u00edcius Alves (UFBA);<\/li>\n<li><strong>Vice-Secret\u00e1rio:<\/strong> Leonardo de Oliveira Aguiar (UESB);<\/li>\n<li><strong>Tesoureira:<\/strong> Val\u00e9ria Belli Riatto (UFBA).<\/li>\n<\/ul>\n","protected":false},"excerpt":{"rendered":"<p>1984-1986: Implanta\u00e7\u00e3o da Secretaria Regional da Bahia da Sociedade Brasileira de Qu\u00edmica (SBQ). Secret\u00e1rio Regional: Miguel Fascio (UFBA); Vice-Secret\u00e1rio: Mer\u00edlio Pinheiro Veiga (UFBA); Tesoureiro: Jos\u00e9 Luis de Paula Barros Silva (UFBA). 1986-1988: Secret\u00e1rio Regional: Jailson Bittencourt de Andrade (UFBA); Vice-Secret\u00e1ria: Adelaide Maria Vieira Viveiros (UFBA); Tesoureiro: Wilson Ara\u00fajo Lopes (UFBA). 1988-1990: Secret\u00e1rio Regional: Miguel Fascio [&hellip;]<\/p>\n","protected":false},"author":1,"featured_media":0,"parent":0,"menu_order":0,"comment_status":"closed","ping_status":"closed","template":"","meta":{"footnotes":""},"_links":{"self":[{"href":"https:\/\/www.sbq.org.br\/bahia\/wp-json\/wp\/v2\/pages\/30"}],"collection":[{"href":"https:\/\/www.sbq.org.br\/bahia\/wp-json\/wp\/v2\/pages"}],"about":[{"href":"https:\/\/www.sbq.org.br\/bahia\/wp-json\/wp\/v2\/types\/page"}],"author":[{"embeddable":true,"href":"https:\/\/www.sbq.org.br\/bahia\/wp-json\/wp\/v2\/users\/1"}],"replies":[{"embeddable":true,"href":"https:\/\/www.sbq.org.br\/bahia\/wp-json\/wp\/v2\/comments?post=30"}],"version-history":[{"count":5,"href":"https:\/\/www.sbq.org.br\/bahia\/wp-json\/wp\/v2\/pages\/30\/revisions"}],"predecessor-version":[{"id":258,"href":"https:\/\/www.sbq.org.br\/bahia\/wp-json\/wp\/v2\/pages\/30\/revisions\/258"}],"wp:attachment":[{"href":"https:\/\/www.sbq.org.br\/bahia\/wp-json\/wp\/v2\/media?parent=30"}],"curies":[{"name":"wp","href":"https:\/\/api.w.org\/{rel}","templated":true}]}}