{"id":29,"date":"2014-12-09T16:45:23","date_gmt":"2014-12-09T18:45:23","guid":{"rendered":"https:\/\/www.sbq.org.br\/regional_bahia\/auxilios-sbq-bahia\/"},"modified":"2024-12-06T15:06:21","modified_gmt":"2024-12-06T18:06:21","slug":"auxilios-sbq-bahia","status":"publish","type":"page","link":"https:\/\/www.sbq.org.br\/bahia\/sobre-a-secretaria-regional-da-bahia\/auxilios-sbq-bahia\/","title":{"rendered":"Aux\u00edlios SBQ\/Bahia"},"content":{"rendered":"<p>A SBQ Bahia disponibiliza aos seus s\u00f3cios uma s\u00e9rie de aux\u00edlios.<\/p>\n<p><strong>Banners da Qu\u00edmica no Cotidiano<\/strong><\/p>\n<p>A SBQ\/regional Bahia disp\u00f5e de 20 banners, ricamente ilustrados em lona, que servem para contar a import\u00e2ncia da Qu\u00edmica no cotidiano de todos n\u00f3s. O material \u00e9 excelente para servir de base em exposi\u00e7\u00f5es, workshops e eventos relacionados \u00e0 Qu\u00edmica que sejam realizados em nosso estado. Foi feito a partir do material disponibilizado pela IUPAC para o AIQ &#8211; Ano Internacional da Qu\u00edmica, em 2011. Para solicitar, basta enviar um e-mail para o secret\u00e1rio regional.<\/p>\n<p><strong>Exposi\u00e7\u00f5es j\u00e1 realizadas:<\/strong><br \/>\n1) V EQBA, entre 9 e 11 de novembro de 2012, UFRB, Amargosa\/Bahia;<br \/>\n2) PROVOC, 02 de junho de 2014, Escola Evaristo da Veiga, Salvador\/Bahia;<br \/>\n3) IV Quimicalizando, entre 25 e 29 de agosto de 2014, UEFS, Feira de Santana\/Bahia.<br \/>\nAl\u00e9m dessas exposi\u00e7\u00f5es, a SBQ disponibilizou os banners ao projeto &#8220;Trailer da Ci\u00eancia&#8221;, uma parceria da SEC\/Bahia com a AVSI &#8211; Associa\u00e7\u00e3o dos Volunt\u00e1rios Internacionais, para serem apresentados em escolas p\u00fablicas da Bahia. At\u00e9 o m\u00eas de outubro\/2014 o p\u00fablico alcan\u00e7ado foi o seguinte:<\/p>\n<p>1) ESCOLA MUNICIPAL GREG\u00d3RIO PINTO DE ALMEIDA, Lauro de Freitas, 400 alunos;<br \/>\n2) ESCOLA MUNICIPAL VIDA NOVA, Lauro de Freitas, 600 alunos;<br \/>\n3) ESCOLA MUNICIPAL ANA LUCIA MAGALH\u00c3ES, Lauro de Freitas, 300 alunos;<br \/>\n4) ESCOLA MUNICIPAL SANTA JULIA, Lauro de Freitas, 500 alunos.<\/p>\n<p><strong>Aux\u00edlio para semin\u00e1rios em Institui\u00e7\u00f5es da Bahia <\/strong><\/p>\n<p>A SBQ disponibiliza pequena ajuda financeira (R$ 50,00) para garantir o conforto em semin\u00e1rios realizados em Institui\u00e7\u00f5es do Estado. Este aux\u00edlio pode ser usado para a compra de caf\u00e9, \u00e1gua e biscoitos, bem como para confec\u00e7\u00e3o de cartazes de divulga\u00e7\u00e3o. Para solicitar, entrar em contato com o secret\u00e1rio regional.<br \/>\nSemin\u00e1rios j\u00e1 apoiados:<br \/>\n1) S\u00ednteses Assim\u00e9tricas de Compostos Bioativos e Nanocompostos empregados em Medicina, prof. Leonardo Santos (Talca\/Chile), IQ-UFBA;<br \/>\n2) Qu\u00edmica no Antropoceno, alunos PG, IQ-UFBA.<\/p>\n","protected":false},"excerpt":{"rendered":"<p>A SBQ Bahia disponibiliza aos seus s\u00f3cios uma s\u00e9rie de aux\u00edlios. Banners da Qu\u00edmica no Cotidiano A SBQ\/regional Bahia disp\u00f5e de 20 banners, ricamente ilustrados em lona, que servem para contar a import\u00e2ncia da Qu\u00edmica no cotidiano de todos n\u00f3s. O material \u00e9 excelente para servir de base em exposi\u00e7\u00f5es, workshops e eventos relacionados \u00e0 [&hellip;]<\/p>\n","protected":false},"author":1,"featured_media":0,"parent":74,"menu_order":0,"comment_status":"closed","ping_status":"closed","template":"institucional","meta":{"footnotes":""},"_links":{"self":[{"href":"https:\/\/www.sbq.org.br\/bahia\/wp-json\/wp\/v2\/pages\/29"}],"collection":[{"href":"https:\/\/www.sbq.org.br\/bahia\/wp-json\/wp\/v2\/pages"}],"about":[{"href":"https:\/\/www.sbq.org.br\/bahia\/wp-json\/wp\/v2\/types\/page"}],"author":[{"embeddable":true,"href":"https:\/\/www.sbq.org.br\/bahia\/wp-json\/wp\/v2\/users\/1"}],"replies":[{"embeddable":true,"href":"https:\/\/www.sbq.org.br\/bahia\/wp-json\/wp\/v2\/comments?post=29"}],"version-history":[{"count":2,"href":"https:\/\/www.sbq.org.br\/bahia\/wp-json\/wp\/v2\/pages\/29\/revisions"}],"predecessor-version":[{"id":259,"href":"https:\/\/www.sbq.org.br\/bahia\/wp-json\/wp\/v2\/pages\/29\/revisions\/259"}],"up":[{"embeddable":true,"href":"https:\/\/www.sbq.org.br\/bahia\/wp-json\/wp\/v2\/pages\/74"}],"wp:attachment":[{"href":"https:\/\/www.sbq.org.br\/bahia\/wp-json\/wp\/v2\/media?parent=29"}],"curies":[{"name":"wp","href":"https:\/\/api.w.org\/{rel}","templated":true}]}}