{"id":2,"date":"2023-12-13T17:30:46","date_gmt":"2023-12-13T20:30:46","guid":{"rendered":"https:\/\/www.sbq.org.br\/regional_bahia\/?page_id=2"},"modified":"2024-12-06T14:19:52","modified_gmt":"2024-12-06T17:19:52","slug":"pagina-exemplo","status":"publish","type":"page","link":"https:\/\/www.sbq.org.br\/bahia\/","title":{"rendered":"Home"},"content":{"rendered":"\n<div id=\"section-g56d430\" class=\"wp-block-gutentor-e0 section-g56d430 gutentor-element gutentor-element-advanced-text\"><div class=\"gutentor-text-wrap\"><h4 class=\"gutentor-text\"><strong>Seja bem-vindo \u00e0 Secretaria Regional da Bahia da SBQ<br><\/strong><\/h4><\/div><\/div>\n\n\n\n<section id=\"section-1dc946b7-682b-460f-a27a-dd7eaca45398\" class=\"wp-block-gutentor-divider section-1dc946b7-682b-460f-a27a-dd7eaca45398 gutentor-element gutentor-section gutentor-divider text-center\"><div class=\"grid-container\"><div class=\"gutentor-divider-box\"><span><\/span><\/div><\/div><\/section>\n\n\n\n<div class=\"wp-block-columns is-layout-flex wp-container-core-columns-layout-1 wp-block-columns-is-layout-flex\">\n<div class=\"wp-block-column is-layout-flow wp-block-column-is-layout-flow\">\n<figure class=\"wp-block-image size-full is-resized is-style-rounded\"><img loading=\"lazy\" decoding=\"async\" width=\"1080\" height=\"1080\" src=\"http:\/\/www.sbq.org.br\/bahia\/wp-content\/uploads\/sites\/17\/2024\/10\/Secretaria-Regional-Bahia.png\" alt=\"\" class=\"wp-image-231\" style=\"width:337px;height:auto\" \/><\/figure>\n\n\n\n<p><\/p>\n<\/div>\n\n\n\n<div class=\"wp-block-column is-layout-flow wp-block-column-is-layout-flow\">\n<p>Aqui voc\u00ea encontrar\u00e1 todas as informa\u00e7\u00f5es a respeito da SBQ-BA, not\u00edcias, eventos, pr\u00eamios e oportunidades no estado da Bahia.<\/p>\n\n\n\n<p><strong>Para entrar em contato com a secretaria, envie e-mail para <a href=\"mailto:bahiasbq@gmail.com\">bahiasbq@gmail.com<\/a><\/strong><\/p>\n\n\n\n<p>Sigam nossas redes sociais e fique por dentro de todas as a\u00e7\u00f5es da SBQ:<\/p>\n\n\n\n<p><strong>Instagram:<\/strong> <a href=\"https:\/\/www.instagram.com\/sbqbahia\" target=\"_blank\" rel=\"noreferrer noopener\">https:\/\/www.instagram.com\/sbqbahia<\/a><\/p>\n<\/div>\n<\/div>\n\n\n\n<section id=\"section-e4b59fb6-3218-44dd-aa0d-5d52e046b729\" class=\"wp-block-gutentor-divider section-e4b59fb6-3218-44dd-aa0d-5d52e046b729 gutentor-element gutentor-section gutentor-divider text-center\"><div class=\"grid-container\"><div class=\"gutentor-divider-box\"><span><\/span><\/div><\/div><\/section>\n\n\n\n<p><\/p>\n\n\n\n<p><\/p>\n","protected":false},"excerpt":{"rendered":"<p>Aqui voc\u00ea encontrar\u00e1 todas as informa\u00e7\u00f5es a respeito da SBQ-BA, not\u00edcias, eventos, pr\u00eamios e oportunidades no estado da Bahia. Para entrar em contato com a secretaria, envie e-mail para bahiasbq@gmail.com Sigam nossas redes sociais e fique por dentro de todas as a\u00e7\u00f5es da SBQ: Instagram: https:\/\/www.instagram.com\/sbqbahia<\/p>\n","protected":false},"author":1,"featured_media":0,"parent":0,"menu_order":0,"comment_status":"closed","ping_status":"open","template":"page-notitle","meta":{"footnotes":""},"_links":{"self":[{"href":"https:\/\/www.sbq.org.br\/bahia\/wp-json\/wp\/v2\/pages\/2"}],"collection":[{"href":"https:\/\/www.sbq.org.br\/bahia\/wp-json\/wp\/v2\/pages"}],"about":[{"href":"https:\/\/www.sbq.org.br\/bahia\/wp-json\/wp\/v2\/types\/page"}],"author":[{"embeddable":true,"href":"https:\/\/www.sbq.org.br\/bahia\/wp-json\/wp\/v2\/users\/1"}],"replies":[{"embeddable":true,"href":"https:\/\/www.sbq.org.br\/bahia\/wp-json\/wp\/v2\/comments?post=2"}],"version-history":[{"count":10,"href":"https:\/\/www.sbq.org.br\/bahia\/wp-json\/wp\/v2\/pages\/2\/revisions"}],"predecessor-version":[{"id":246,"href":"https:\/\/www.sbq.org.br\/bahia\/wp-json\/wp\/v2\/pages\/2\/revisions\/246"}],"wp:attachment":[{"href":"https:\/\/www.sbq.org.br\/bahia\/wp-json\/wp\/v2\/media?parent=2"}],"curies":[{"name":"wp","href":"https:\/\/api.w.org\/{rel}","templated":true}]}}