{"id":103,"date":"2024-01-18T17:33:57","date_gmt":"2024-01-18T20:33:57","guid":{"rendered":"https:\/\/www.sbq.org.br\/bahia\/?page_id=103"},"modified":"2024-12-06T14:34:19","modified_gmt":"2024-12-06T17:34:19","slug":"diretoria","status":"publish","type":"page","link":"https:\/\/www.sbq.org.br\/bahia\/sobre-a-secretaria-regional-da-bahia\/diretoria\/","title":{"rendered":"Diretoria"},"content":{"rendered":"\n<div class=\"wp-block-group is-nowrap is-layout-flex wp-container-core-group-layout-2 wp-block-group-is-layout-flex\">\n<figure class=\"wp-block-image size-full is-resized\"><img loading=\"lazy\" decoding=\"async\" width=\"964\" height=\"984\" src=\"https:\/\/www.sbq.org.br\/bahia\/wp-content\/uploads\/sites\/17\/2024\/10\/tiago.jpg\" alt=\"\" class=\"wp-image-235\" style=\"width:77px;height:auto\" \/><\/figure>\n\n\n\n<div class=\"wp-block-group is-vertical is-layout-flex wp-container-core-group-layout-1 wp-block-group-is-layout-flex\">\n<p class=\"is-layout-flow wp-block-paragraph-is-layout-flow\" style=\"line-height:0\"><strong>Tiago Vinicius Alves<\/strong> <strong>&#8211; UFBA<\/strong><\/p>\n\n\n\n<p class=\"is-layout-flow wp-block-paragraph-is-layout-flow\" style=\"line-height:0\">Secret\u00e1rio<\/p>\n<\/div>\n<\/div>\n\n\n\n<div class=\"wp-block-group is-nowrap is-layout-flex wp-container-core-group-layout-4 wp-block-group-is-layout-flex\">\n<figure class=\"wp-block-image size-full is-resized\"><img loading=\"lazy\" decoding=\"async\" width=\"471\" height=\"496\" src=\"http:\/\/www.sbq.org.br\/bahia\/wp-content\/uploads\/sites\/17\/2024\/10\/leo.png\" alt=\"\" class=\"wp-image-227\" style=\"width:80px;height:auto\" \/><\/figure>\n\n\n\n<div class=\"wp-block-group is-vertical is-layout-flex wp-container-core-group-layout-3 wp-block-group-is-layout-flex\">\n<p class=\"is-layout-flow wp-block-paragraph-is-layout-flow\" style=\"line-height:0\"><strong>Leonardo Aguiar &#8211; UESB<\/strong><\/p>\n\n\n\n<p class=\"is-layout-flow wp-block-paragraph-is-layout-flow\" style=\"line-height:0\">Vice-Secret\u00e1rio<\/p>\n<\/div>\n<\/div>\n\n\n\n<div class=\"wp-block-group is-nowrap is-layout-flex wp-container-core-group-layout-6 wp-block-group-is-layout-flex\">\n<figure class=\"wp-block-image size-full is-resized\"><img loading=\"lazy\" decoding=\"async\" width=\"64\" height=\"64\" src=\"http:\/\/www.sbq.org.br\/bahia\/wp-content\/uploads\/sites\/17\/2024\/01\/valeria-riatto2020.png\" alt=\"\" class=\"wp-image-114\" style=\"width:78px;height:auto\" \/><\/figure>\n\n\n\n<div class=\"wp-block-group is-vertical is-layout-flex wp-container-core-group-layout-5 wp-block-group-is-layout-flex\">\n<p class=\"is-layout-flow wp-block-paragraph-is-layout-flow\" style=\"line-height:0\"><strong>Val\u00e9ria Belli Riatto<\/strong><\/p>\n\n\n\n<p class=\"is-layout-flow wp-block-paragraph-is-layout-flow\" style=\"line-height:0\">Tesoureira<\/p>\n<\/div>\n<\/div>\n","protected":false},"excerpt":{"rendered":"<p>Tiago Vinicius Alves &#8211; UFBA Secret\u00e1rio Leonardo Aguiar &#8211; UESB Vice-Secret\u00e1rio Val\u00e9ria Belli Riatto Tesoureira<\/p>\n","protected":false},"author":1,"featured_media":0,"parent":74,"menu_order":0,"comment_status":"closed","ping_status":"closed","template":"institucional","meta":{"footnotes":""},"_links":{"self":[{"href":"https:\/\/www.sbq.org.br\/bahia\/wp-json\/wp\/v2\/pages\/103"}],"collection":[{"href":"https:\/\/www.sbq.org.br\/bahia\/wp-json\/wp\/v2\/pages"}],"about":[{"href":"https:\/\/www.sbq.org.br\/bahia\/wp-json\/wp\/v2\/types\/page"}],"author":[{"embeddable":true,"href":"https:\/\/www.sbq.org.br\/bahia\/wp-json\/wp\/v2\/users\/1"}],"replies":[{"embeddable":true,"href":"https:\/\/www.sbq.org.br\/bahia\/wp-json\/wp\/v2\/comments?post=103"}],"version-history":[{"count":9,"href":"https:\/\/www.sbq.org.br\/bahia\/wp-json\/wp\/v2\/pages\/103\/revisions"}],"predecessor-version":[{"id":252,"href":"https:\/\/www.sbq.org.br\/bahia\/wp-json\/wp\/v2\/pages\/103\/revisions\/252"}],"up":[{"embeddable":true,"href":"https:\/\/www.sbq.org.br\/bahia\/wp-json\/wp\/v2\/pages\/74"}],"wp:attachment":[{"href":"https:\/\/www.sbq.org.br\/bahia\/wp-json\/wp\/v2\/media?parent=103"}],"curies":[{"name":"wp","href":"https:\/\/api.w.org\/{rel}","templated":true}]}}