{"id":743,"date":"2025-09-10T21:54:03","date_gmt":"2025-09-11T00:54:03","guid":{"rendered":"https:\/\/www.sbq.org.br\/analitica\/?page_id=743"},"modified":"2025-09-10T22:10:11","modified_gmt":"2025-09-11T01:10:11","slug":"vem-ai-o-8th-espeqbrasil-e-o-17th-rsas","status":"publish","type":"page","link":"https:\/\/www.sbq.org.br\/analitica\/vem-ai-o-8th-espeqbrasil-e-o-17th-rsas\/","title":{"rendered":"Vem a\u00ed o 8th EspeQBrasil e o 17th RSAS"},"content":{"rendered":"\n<p><\/p>\n<h3>Vem a\u00ed o 8<sup>th<\/sup> EspeQ Brasil e o 17<sup>th<\/sup> RSAS<\/h3>\n<p><\/p>\n\n\n\n<div style=\"text-align: justify\">De 09 a 14 de novembro, acontecer\u00e3o o <strong>8<sup>th<\/sup> Brazilian Meeting on Chemical Speciation<\/strong> (8<sup>th<\/sup> EspeQBrasil) e o <strong>17<sup>th<\/sup> Rio Symposium on Atomic Spectrometry<\/strong> (17<sup>th<\/sup>\u00a0RSAS), no Hotel Fazenda Fonte Colina Verde, na cidade de S\u00e3o Pedro, em S\u00e3o Paulo. Os avan\u00e7os mais recentes e as inova\u00e7\u00f5es na \u00e1rea de especia\u00e7\u00e3o qu\u00edmica e de espectrometria at\u00f4mica estar\u00e3o em discuss\u00e3o, reunindo especialistas, pesquisadores, profissionais e comunidade acad\u00eamico-cient\u00edfica, do Brasi e do exterior.<\/div>\n<p><\/p>\n\n\n\n<div>Todas as informa\u00e7\u00f5es pertinentes podem ser acessadas na <a href=\"https:\/\/eventos.galoa.com.br\/8o-espeqbrazil-e-17o-rsas\/page\/5485-welcome?lang=pt-br\">webpage do evento<\/a>.<\/div>\n<p><\/p>\n\n\n\n<div>N\u00e3o perca!<\/div>\n","protected":false},"excerpt":{"rendered":"<p>Vem a\u00ed o 8th EspeQ Brasil e o 17th RSAS De 09 a 14 de novembro, acontecer\u00e3o o 8th Brazilian Meeting on Chemical Speciation (8th EspeQBrasil) e o 17th Rio Symposium on Atomic Spectrometry (17th\u00a0RSAS), no Hotel Fazenda Fonte Colina Verde, na cidade de S\u00e3o Pedro, em S\u00e3o Paulo. Os avan\u00e7os mais recentes e as [&hellip;]<\/p>\n","protected":false},"author":5,"featured_media":0,"parent":0,"menu_order":0,"comment_status":"closed","ping_status":"closed","template":"","meta":{"footnotes":""},"_links":{"self":[{"href":"https:\/\/www.sbq.org.br\/analitica\/wp-json\/wp\/v2\/pages\/743"}],"collection":[{"href":"https:\/\/www.sbq.org.br\/analitica\/wp-json\/wp\/v2\/pages"}],"about":[{"href":"https:\/\/www.sbq.org.br\/analitica\/wp-json\/wp\/v2\/types\/page"}],"author":[{"embeddable":true,"href":"https:\/\/www.sbq.org.br\/analitica\/wp-json\/wp\/v2\/users\/5"}],"replies":[{"embeddable":true,"href":"https:\/\/www.sbq.org.br\/analitica\/wp-json\/wp\/v2\/comments?post=743"}],"version-history":[{"count":18,"href":"https:\/\/www.sbq.org.br\/analitica\/wp-json\/wp\/v2\/pages\/743\/revisions"}],"predecessor-version":[{"id":766,"href":"https:\/\/www.sbq.org.br\/analitica\/wp-json\/wp\/v2\/pages\/743\/revisions\/766"}],"wp:attachment":[{"href":"https:\/\/www.sbq.org.br\/analitica\/wp-json\/wp\/v2\/media?parent=743"}],"curies":[{"name":"wp","href":"https:\/\/api.w.org\/{rel}","templated":true}]}}