{"id":23,"date":"2024-01-18T14:32:45","date_gmt":"2024-01-18T17:32:45","guid":{"rendered":"https:\/\/www.sbq.org.br\/analitica\/?page_id=23"},"modified":"2024-09-16T23:27:25","modified_gmt":"2024-09-17T02:27:25","slug":"boletins","status":"publish","type":"page","link":"https:\/\/www.sbq.org.br\/analitica\/boletins\/","title":{"rendered":"Boletins"},"content":{"rendered":"\n<div class=\"wp-block-columns is-layout-flex wp-container-core-columns-layout-1 wp-block-columns-is-layout-flex\">\n<div class=\"wp-block-column is-layout-flow wp-block-column-is-layout-flow\" style=\"flex-basis:33.33%\">\n<title>Menu de Navega\u00e7\u00e3o Vertical<\/title>\n  <style>\n    body {\n      font-family: Arial, sans-serif;\n      margin: 0;\n      padding: 0;\n    }\n\n    \/* Container do menu *\/\n    .menu {\n      width: 300px;\n      margin: 50px auto; \/* Centraliza o menu na p\u00e1gina *\/\n    }\n    \/* Estilos para os bot\u00f5es do menu *\/\n    .menu a {\n      display: block;\n      padding: 15px;\n      margin-bottom: 10px;\n      text-align: center;\n      text-decoration: none;\n      font-size: 18px;\n      color: white;\n      background-color: #c1d1dd; \/* Cor de fundo padr\u00e3o *\/\n      border-radius: 0px;\n      transition: background-color 0.3s ease; \/* Suaviza a transi\u00e7\u00e3o da cor *\/\n    }\n\n    \/* Cor de fundo ao passar o mouse *\/\n    .menu a:hover {\n      background-color: #a8bdcc; \/* Cor de fundo mais escura ao passar o mouse *\/\n    }\n    .menu a.selected {\n      background-color: #91a7b8; \/* Cor mais escura para o item selecionado *\/\n    }\n  <\/style>\n\n\n\n  <!-- Menu de navega\u00e7\u00e3o vertical -->\n\n<div class=\"menu\">\n    <a href=\"https:\/\/www.sbq.org.br\/analitica\/sobre-a-divisao-de-quimica-analitica\/\"><strong>Sobre a divis\u00e3o<\/strong><\/a>\n    <a href=\"https:\/\/www.sbq.org.br\/analitica\/diretoria\/\"><strong>Diretoria<\/strong><\/a>\n    <a href=\"https:\/\/www.sbq.org.br\/analitica\/gestoes-anteriores\/\"><strong>Gest\u00f5es anteriores<\/strong><\/a>\n    <a href=\"https:\/\/www.sbq.org.br\/analitica\/boletins\/\" class=\"selected\"><strong>Boletins<\/strong><\/a>\n  <\/div>\n<\/div>\n\n\n\n<div class=\"wp-block-column is-layout-flow wp-block-column-is-layout-flow\" style=\"flex-basis:66.66%\">\n<div class=\"wp-block-group has-global-padding is-layout-constrained wp-block-group-is-layout-constrained\">\n<div class=\"wp-block-group has-global-padding is-layout-constrained wp-block-group-is-layout-constrained\">\r\n\t\t<div  class=\"block-da346105-98a8-4c1f-95dd-cd955a9c164c row areoi-element\">\r\n\t\t\t\r\n\r\n\t\t\t\n\r\n\t\t<div  class=\"block-585f66f2-be78-4025-b0a7-da6525f2ce31 col areoi-element\">\r\n\t\t\t\r\n\t\t\t\n\n<div class=\"wp-block-group has-global-padding is-layout-constrained wp-block-group-is-layout-constrained\" style=\"border-style:none;border-width:0px;min-height:0px\">\n<div class=\"wp-block-group has-global-padding is-layout-constrained wp-block-group-is-layout-constrained\" style=\"border-width:2px;margin-top:var(--wp--preset--spacing--70);margin-bottom:var(--wp--preset--spacing--70)\"><ul style=\"padding-top:var(--wp--preset--spacing--30);padding-left:var(--wp--preset--spacing--30);padding-bottom:var(--wp--preset--spacing--30);padding-right:var(--wp--preset--spacing--30);margin-left:0;margin-top:0;\" class=\"wp-block-latest-posts__list wp-block-latest-posts\"><li><a class=\"wp-block-latest-posts__post-title\" href=\"https:\/\/www.sbq.org.br\/analitica\/boletim-08\/\">Boletim 08<\/a><div class=\"wp-block-latest-posts__post-full-content\"><!-- wp:html -->\n<style>\n.link-text {\n    font-size: 14px; \/* Define a fonte de todo o par\u00e1grafo *\/\n    margin-top: 15px;\n    margin-left: 20px;\n}\n.link-text a {\n    text-decoration: none; \/* Remove o sublinhado do link *\/\n    color: blue; \/* Define a cor do link *\/\n    font-size: 14px; \/* Define o tamanho da fonte do link especificamente *\/\n}\n\n.link-text a:hover {\n    text-decoration: underline; \/* Adiciona sublinhado ao passar o mouse *\/\n}\n.local{\n    font-weight: 700;\n    font-size: 12px;\n    background-image: url(http:\/\/www.sbq.org.br\/analitica\/wp-content\/uploads\/sites\/4\/2024\/09\/local.png);\n    background-repeat: no-repeat;\n    display: block;\n    padding-left: 20px;\n    margin-top: 10px;\n    margin-left: 20px;\n    }\n.data{\n    font-weight: 700;\n    font-size: 12px;\n    background-image: url(http:\/\/www.sbq.org.br\/analitica\/wp-content\/uploads\/sites\/4\/2024\/09\/icon-calendar2.png);\n    margin-top: 10px;\n    background-repeat: no-repeat;\n    display: block;\n    padding-left: 20px;\n    margin-left: 20px;\n    }\n<\/style>\n<div class=\"data\">\nJunho de 2025\n<\/div>\n\n\n<p class=\"link-text\">Para baixar o boletim completo <a href=\"https:\/\/drive.google.com\/file\/d\/1eWb0UCNz_EjKfVFVET7qK5yui-1pL4Sq\/view?export=download\">clique aqui<\/a>.<\/p>\n<!-- \/wp:html -->\n\n<!-- wp:html -->\n<hr style=\"border: 1px solid black;width: 100%\">\n<!-- \/wp:html -->\n\n<!-- wp:paragraph -->\n<p><\/p>\n<!-- \/wp:paragraph --><\/div><\/li>\n<li><a class=\"wp-block-latest-posts__post-title\" href=\"https:\/\/www.sbq.org.br\/analitica\/boletim-7\/\">Boletim 07<\/a><div class=\"wp-block-latest-posts__post-full-content\"><!-- wp:html -->\n<style>\n.link-text {\n    font-size: 14px; \/* Define a fonte de todo o par\u00e1grafo *\/\n    margin-top: 15px;\n    margin-left: 20px;\n}\n.link-text a {\n    text-decoration: none; \/* Remove o sublinhado do link *\/\n    color: blue; \/* Define a cor do link *\/\n    font-size: 14px; \/* Define o tamanho da fonte do link especificamente *\/\n}\n\n.link-text a:hover {\n    text-decoration: underline; \/* Adiciona sublinhado ao passar o mouse *\/\n}\n.local{\n    font-weight: 700;\n    font-size: 12px;\n    background-image: url(http:\/\/www.sbq.org.br\/analitica\/wp-content\/uploads\/sites\/4\/2024\/09\/local.png);\n    background-repeat: no-repeat;\n    display: block;\n    padding-left: 20px;\n    margin-top: 10px;\n    margin-left: 20px;\n    }\n.data{\n    font-weight: 700;\n    font-size: 12px;\n    background-image: url(http:\/\/www.sbq.org.br\/analitica\/wp-content\/uploads\/sites\/4\/2024\/09\/icon-calendar2.png);\n    margin-top: 10px;\n    background-repeat: no-repeat;\n    display: block;\n    padding-left: 20px;\n    margin-left: 20px;\n    }\n<\/style>\n<div class=\"data\">\nSetembro de 2024\n<\/div>\n\n\n<p class=\"link-text\">Para baixar o boletim completo <a href=\"https:\/\/drive.google.com\/file\/d\/1uZhZDPCZ9fFAErnK9f-2mOwPk3gw2Gn_\/view?export=download\">clique aqui<\/a>.<\/p>\n<!-- \/wp:html -->\n\n<!-- wp:html -->\n<hr style=\"border: 1px solid black;width: 100%\">\n<!-- \/wp:html --><\/div><\/li>\n<li><a class=\"wp-block-latest-posts__post-title\" href=\"https:\/\/www.sbq.org.br\/analitica\/boletim-6\/\">Boletim 06<\/a><div class=\"wp-block-latest-posts__post-full-content\"><!-- wp:html -->\n<style>\n.link-text {\n    font-size: 14px; \/* Define a fonte de todo o par\u00e1grafo *\/\n    margin-top: 15px;\n    margin-left: 20px;\n}\n.link-text a {\n    text-decoration: none; \/* Remove o sublinhado do link *\/\n    color: blue; \/* Define a cor do link *\/\n    font-size: 14px; \/* Define o tamanho da fonte do link especificamente *\/\n}\n\n.link-text a:hover {\n    text-decoration: underline; \/* Adiciona sublinhado ao passar o mouse *\/\n}\n.local{\n    font-weight: 700;\n    font-size: 12px;\n    background-image: url(http:\/\/www.sbq.org.br\/analitica\/wp-content\/uploads\/sites\/4\/2024\/09\/local.png);\n    background-repeat: no-repeat;\n    display: block;\n    padding-left: 20px;\n    margin-top: 10px;\n    margin-left: 20px;\n    }\n.data{\n    font-weight: 700;\n    font-size: 12px;\n    background-image: url(http:\/\/www.sbq.org.br\/analitica\/wp-content\/uploads\/sites\/4\/2024\/09\/icon-calendar2.png);\n    margin-top: 10px;\n    background-repeat: no-repeat;\n    display: block;\n    padding-left: 20px;\n    margin-left: 20px;\n    }\n<\/style>\n<div class=\"data\">\nMaio de 2024\n<\/div>\n\n\n<p class=\"link-text\">Para baixar o boletim completo <a href=\"https:\/\/drive.google.com\/file\/d\/192MXuEKa_DFHHXEGfMxEGDlqbMpMIxHE\/view?export=download\">clique aqui<\/a>.<\/p>\n<!-- \/wp:html -->\n\n<!-- wp:html -->\n<hr style=\"border: 1px solid black;width: 100%\">\n<!-- \/wp:html --><\/div><\/li>\n<li><a class=\"wp-block-latest-posts__post-title\" href=\"https:\/\/www.sbq.org.br\/analitica\/boletim-5\/\">Boletim 05<\/a><div class=\"wp-block-latest-posts__post-full-content\"><!-- wp:html -->\n<style>\n.link-text {\n    font-size: 14px; \/* Define a fonte de todo o par\u00e1grafo *\/\n    margin-top: 15px;\n    margin-left: 20px;\n}\n.link-text a {\n    text-decoration: none; \/* Remove o sublinhado do link *\/\n    color: blue; \/* Define a cor do link *\/\n    font-size: 14px; \/* Define o tamanho da fonte do link especificamente *\/\n}\n\n.link-text a:hover {\n    text-decoration: underline; \/* Adiciona sublinhado ao passar o mouse *\/\n}\n.local{\n    font-weight: 700;\n    font-size: 12px;\n    background-image: url(http:\/\/www.sbq.org.br\/analitica\/wp-content\/uploads\/sites\/4\/2024\/09\/local.png);\n    background-repeat: no-repeat;\n    display: block;\n    padding-left: 20px;\n    margin-top: 10px;\n    margin-left: 20px;\n    }\n.data{\n    font-weight: 700;\n    font-size: 12px;\n    background-image: url(http:\/\/www.sbq.org.br\/analitica\/wp-content\/uploads\/sites\/4\/2024\/09\/icon-calendar2.png);\n    margin-top: 10px;\n    background-repeat: no-repeat;\n    display: block;\n    padding-left: 20px;\n    margin-left: 20px;\n    }\n<\/style>\n<div class=\"data\">\nMaio de 2023\n<\/div>\n\n\n<p class=\"link-text\">Para baixar o boletim completo <a href=\"https:\/\/drive.google.com\/file\/d\/1YYphzcj0AiuOHKOb9BKirhfYdcoAKJd9\/view?export=download\">clique aqui<\/a>.<\/p>\n<!-- \/wp:html -->\n\n<!-- wp:html -->\n<hr style=\"border: 1px solid black;width: 100%\">\n<!-- \/wp:html --><\/div><\/li>\n<li><a class=\"wp-block-latest-posts__post-title\" href=\"https:\/\/www.sbq.org.br\/analitica\/boletim-4\/\">Boletim 04<\/a><div class=\"wp-block-latest-posts__post-full-content\"><!-- wp:html -->\n<style>\n.link-text {\n    font-size: 14px; \/* Define a fonte de todo o par\u00e1grafo *\/\n    margin-top: 15px;\n    margin-left: 20px;\n}\n.link-text a {\n    text-decoration: none; \/* Remove o sublinhado do link *\/\n    color: blue; \/* Define a cor do link *\/\n    font-size: 14px; \/* Define o tamanho da fonte do link especificamente *\/\n}\n\n.link-text a:hover {\n    text-decoration: underline; \/* Adiciona sublinhado ao passar o mouse *\/\n}\n.local{\n    font-weight: 700;\n    font-size: 12px;\n    background-image: url(http:\/\/www.sbq.org.br\/analitica\/wp-content\/uploads\/sites\/4\/2024\/09\/local.png);\n    background-repeat: no-repeat;\n    display: block;\n    padding-left: 20px;\n    margin-top: 10px;\n    margin-left: 20px;\n    }\n.data{\n    font-weight: 700;\n    font-size: 12px;\n    background-image: url(http:\/\/www.sbq.org.br\/analitica\/wp-content\/uploads\/sites\/4\/2024\/09\/icon-calendar2.png);\n    margin-top: 10px;\n    background-repeat: no-repeat;\n    display: block;\n    padding-left: 20px;\n    margin-left: 20px;\n    }\n<\/style>\n<div class=\"data\">\nSetembro de 2022\n<\/div>\n\n\n<p class=\"link-text\">Para baixar o boletim completo <a href=\"https:\/\/drive.google.com\/file\/d\/1E9k8dc26aoXgaS6QjNVyF8Oq-37SdSt0\/view?export=download\">clique aqui<\/a>.<\/p>\n<!-- \/wp:html -->\n\n<!-- wp:html -->\n<hr style=\"border: 1px solid black;width: 100%\">\n<!-- \/wp:html --><\/div><\/li>\n<li><a class=\"wp-block-latest-posts__post-title\" href=\"https:\/\/www.sbq.org.br\/analitica\/boletim-3-2\/\">Boletim 03<\/a><div class=\"wp-block-latest-posts__post-full-content\"><!-- wp:html -->\n<style>\n.link-text {\n    font-size: 14px; \/* Define a fonte de todo o par\u00e1grafo *\/\n    margin-top: 15px;\n    margin-left: 20px;\n}\n.link-text a {\n    text-decoration: none; \/* Remove o sublinhado do link *\/\n    color: blue; \/* Define a cor do link *\/\n    font-size: 14px; \/* Define o tamanho da fonte do link especificamente *\/\n}\n\n.link-text a:hover {\n    text-decoration: underline; \/* Adiciona sublinhado ao passar o mouse *\/\n}\n.local{\n    font-weight: 700;\n    font-size: 12px;\n    background-image: url(http:\/\/www.sbq.org.br\/analitica\/wp-content\/uploads\/sites\/4\/2024\/09\/local.png);\n    background-repeat: no-repeat;\n    display: block;\n    padding-left: 20px;\n    margin-top: 10px;\n    margin-left: 20px;\n    }\n.data{\n    font-weight: 700;\n    font-size: 12px;\n    background-image: url(http:\/\/www.sbq.org.br\/analitica\/wp-content\/uploads\/sites\/4\/2024\/09\/icon-calendar2.png);\n    margin-top: 10px;\n    background-repeat: no-repeat;\n    display: block;\n    padding-left: 20px;\n    margin-left: 20px;\n    }\n<\/style>\n<div class=\"data\">\nMaio de 2022\n<\/div>\n\n\n<p class=\"link-text\">Para baixar o boletim completo <a href=\"https:\/\/drive.google.com\/file\/d\/1SDaS1PRBqYDHVsDnmHVRaX-h6XRz9PTA\/view?export=download\">clique aqui<\/a>.<\/p>\n<!-- \/wp:html -->\n\n<!-- wp:html -->\n<hr style=\"border: 1px solid black;width: 100%\">\n<!-- \/wp:html --><\/div><\/li>\n<li><a class=\"wp-block-latest-posts__post-title\" href=\"https:\/\/www.sbq.org.br\/analitica\/boletim-02\/\">Boletim 02<\/a><div class=\"wp-block-latest-posts__post-full-content\"><!-- wp:html -->\n<style>\n.link-text {\n    font-size: 14px; \/* Define a fonte de todo o par\u00e1grafo *\/\n    margin-top: 15px;\n    margin-left: 20px;\n}\n.link-text a {\n    text-decoration: none; \/* Remove o sublinhado do link *\/\n    color: blue; \/* Define a cor do link *\/\n    font-size: 14px; \/* Define o tamanho da fonte do link especificamente *\/\n}\n\n.link-text a:hover {\n    text-decoration: underline; \/* Adiciona sublinhado ao passar o mouse *\/\n}\n.local{\n    font-weight: 700;\n    font-size: 12px;\n    background-image: url(http:\/\/www.sbq.org.br\/analitica\/wp-content\/uploads\/sites\/4\/2024\/09\/local.png);\n    background-repeat: no-repeat;\n    display: block;\n    padding-left: 20px;\n    margin-top: 10px;\n    margin-left: 20px;\n    }\n.data{\n    font-weight: 700;\n    font-size: 12px;\n    background-image: url(http:\/\/www.sbq.org.br\/analitica\/wp-content\/uploads\/sites\/4\/2024\/09\/icon-calendar2.png);\n    margin-top: 10px;\n    background-repeat: no-repeat;\n    display: block;\n    padding-left: 20px;\n    margin-left: 20px;\n    }\n<\/style>\n<div class=\"data\">\nOutubro de 2020\n<\/div>\n\n\n<p class=\"link-text\">Para baixar o boletim completo <a href=\"https:\/\/drive.google.com\/file\/d\/1USEBqaJpWP39yC-1Tn2TE5v6S3chcvED\/view?export=download\">clique aqui<\/a>.<\/p>\n<!-- \/wp:html -->\n\n<!-- wp:html -->\n<hr style=\"border: 1px solid black;width: 100%\">\n<!-- \/wp:html --><\/div><\/li>\n<li><a class=\"wp-block-latest-posts__post-title\" href=\"https:\/\/www.sbq.org.br\/analitica\/boletim-01\/\">Boletim 01<\/a><div class=\"wp-block-latest-posts__post-full-content\"><!-- wp:html -->\n<style>\n.link-text {\n    font-size: 14px; \/* Define a fonte de todo o par\u00e1grafo *\/\n    margin-top: 15px;\n    margin-left: 20px;\n}\n.link-text a {\n    text-decoration: none; \/* Remove o sublinhado do link *\/\n    color: blue; \/* Define a cor do link *\/\n    font-size: 14px; \/* Define o tamanho da fonte do link especificamente *\/\n}\n\n.link-text a:hover {\n    text-decoration: underline; \/* Adiciona sublinhado ao passar o mouse *\/\n}\n.local{\n    font-weight: 700;\n    font-size: 12px;\n    background-image: url(http:\/\/www.sbq.org.br\/analitica\/wp-content\/uploads\/sites\/4\/2024\/09\/local.png);\n    background-repeat: no-repeat;\n    display: block;\n    padding-left: 20px;\n    margin-top: 10px;\n    margin-left: 20px;\n    }\n.data{\n    font-weight: 700;\n    font-size: 12px;\n    background-image: url(http:\/\/www.sbq.org.br\/analitica\/wp-content\/uploads\/sites\/4\/2024\/09\/icon-calendar2.png);\n    margin-top: 10px;\n    background-repeat: no-repeat;\n    display: block;\n    padding-left: 20px;\n    margin-left: 20px;\n    }\n<\/style>\n<div class=\"data\">\nMaio de 2020\n<\/div>\n\n\n<p class=\"link-text\">Para baixar o boletim completo <a href=\"https:\/\/drive.google.com\/file\/d\/1giW6ldzn03bUlSu-o8D_ryvVfzdAEEUD\/view?export=download\">clique aqui<\/a>.<\/p>\n<!-- \/wp:html --><\/div><\/li>\n<\/ul><\/div>\n<\/div>\n\n \r\n\t\t\t\r\n\t\t<\/div>\r\n\t\n \r\n\t\t<\/div>\r\n\t<\/div>\n<\/div>\n<\/div>\n<\/div>\n","protected":false},"excerpt":{"rendered":"<p>Menu de Navega\u00e7\u00e3o Vertical Sobre a divis\u00e3o Diretoria Gest\u00f5es anteriores Boletins<\/p>\n","protected":false},"author":1,"featured_media":0,"parent":0,"menu_order":0,"comment_status":"closed","ping_status":"closed","template":"","meta":{"footnotes":""},"_links":{"self":[{"href":"https:\/\/www.sbq.org.br\/analitica\/wp-json\/wp\/v2\/pages\/23"}],"collection":[{"href":"https:\/\/www.sbq.org.br\/analitica\/wp-json\/wp\/v2\/pages"}],"about":[{"href":"https:\/\/www.sbq.org.br\/analitica\/wp-json\/wp\/v2\/types\/page"}],"author":[{"embeddable":true,"href":"https:\/\/www.sbq.org.br\/analitica\/wp-json\/wp\/v2\/users\/1"}],"replies":[{"embeddable":true,"href":"https:\/\/www.sbq.org.br\/analitica\/wp-json\/wp\/v2\/comments?post=23"}],"version-history":[{"count":90,"href":"https:\/\/www.sbq.org.br\/analitica\/wp-json\/wp\/v2\/pages\/23\/revisions"}],"predecessor-version":[{"id":715,"href":"https:\/\/www.sbq.org.br\/analitica\/wp-json\/wp\/v2\/pages\/23\/revisions\/715"}],"wp:attachment":[{"href":"https:\/\/www.sbq.org.br\/analitica\/wp-json\/wp\/v2\/media?parent=23"}],"curies":[{"name":"wp","href":"https:\/\/api.w.org\/{rel}","templated":true}]}}