{"id":14,"date":"2024-01-10T10:28:53","date_gmt":"2024-01-10T13:28:53","guid":{"rendered":"https:\/\/www.sbq.org.br\/analitica\/?page_id=14"},"modified":"2025-06-07T11:24:18","modified_gmt":"2025-06-07T14:24:18","slug":"noticias","status":"publish","type":"page","link":"https:\/\/www.sbq.org.br\/analitica\/noticias\/","title":{"rendered":"Not\u00edcias"},"content":{"rendered":"\r\n\t\t<div  class=\"block-585f66f2-be78-4025-b0a7-da6525f2ce31 col areoi-element\">\r\n\t\t\t\r\n\t\t\t\n\n<div class=\"wp-block-group has-global-padding is-layout-constrained wp-block-group-is-layout-constrained\" style=\"border-style:none;border-width:0px;min-height:0px\">\n<div class=\"wp-block-group has-global-padding is-layout-constrained wp-block-group-is-layout-constrained\" style=\"border-width:2px;margin-top:var(--wp--preset--spacing--70);margin-bottom:var(--wp--preset--spacing--70)\"><ul style=\"padding-top:var(--wp--preset--spacing--30);padding-left:var(--wp--preset--spacing--30);padding-bottom:var(--wp--preset--spacing--30);padding-right:var(--wp--preset--spacing--30);margin-left:0;margin-top:0;\" class=\"wp-block-latest-posts__list wp-block-latest-posts\"><li><a class=\"wp-block-latest-posts__post-title\" href=\"https:\/\/www.sbq.org.br\/analitica\/vem-ai-o-8th-espeqbrasil-e-o-17th-rsas-2\/\">Vem a\u00ed o 8th EspeQ Brasil e o 17th RSAS<\/a><div class=\"wp-block-latest-posts__post-full-content\"><!-- wp:html -->\n<style>\n.link-text {\n    font-size: 14px; \/* Define a fonte de todo o par\u00e1grafo *\/\n    margin-top: 15px;\n    margin-left: 20px;\n}\n.link-text a {\n    text-decoration: none; \/* Remove o sublinhado do link *\/\n    color: blue; \/* Define a cor do link *\/\n    font-size: 14px; \/* Define o tamanho da fonte do link especificamente *\/\n}\n\n.link-text a:hover {\n    text-decoration: underline; \/* Adiciona sublinhado ao passar o mouse *\/\n}\n.local{\n    font-weight: 700;\n    font-size: 12px;\n    background-image: url(http:\/\/www.sbq.org.br\/analitica\/wp-content\/uploads\/sites\/4\/2024\/09\/local.png);\n    background-repeat: no-repeat;\n    display: block;\n    padding-left: 20px;\n    margin-top: 10px;\n    margin-left: 20px;\n    }\n.data{\n    font-weight: 700;\n    font-size: 12px;\n    background-image: url(http:\/\/www.sbq.org.br\/analitica\/wp-content\/uploads\/sites\/4\/2024\/09\/icon-calendar2.png);\n\n    background-repeat: no-repeat;\n    display: block;\n    padding-left: 20px;\n    margin-left: 20px;\n    }\n<\/style>\n\n\n\n<div class=\"local\">\nHotel Fazenda Fonte Colina Verde, S\u00e3o Pedro\/SP, Brasil\n<\/div>\n<div class=\"data\">\nDomingo, 09 de novembro de 2025 a sexta-feira, 14 de novembro de 2025\n<\/div>\n<p class=\"link-text\">Acesse o <a href=\"https:\/\/www.sbq.org.br\/analitica\/vem-ai-o-8th-espeqbrasil-e-o-17th-rsas\/\">link<\/a> para saber mais.<\/p>\n<!-- \/wp:html -->\n\n<!-- wp:separator {\"className\":\"is-style-wide\"} -->\n<hr class=\"wp-block-separator has-alpha-channel-opacity is-style-wide\" \/>\n<!-- \/wp:separator --><\/div><\/li>\n<li><a class=\"wp-block-latest-posts__post-title\" href=\"https:\/\/www.sbq.org.br\/analitica\/boletim-08\/\">Boletim 08<\/a><div class=\"wp-block-latest-posts__post-full-content\"><!-- wp:html -->\n<style>\n.link-text {\n    font-size: 14px; \/* Define a fonte de todo o par\u00e1grafo *\/\n    margin-top: 15px;\n    margin-left: 20px;\n}\n.link-text a {\n    text-decoration: none; \/* Remove o sublinhado do link *\/\n    color: blue; \/* Define a cor do link *\/\n    font-size: 14px; \/* Define o tamanho da fonte do link especificamente *\/\n}\n\n.link-text a:hover {\n    text-decoration: underline; \/* Adiciona sublinhado ao passar o mouse *\/\n}\n.local{\n    font-weight: 700;\n    font-size: 12px;\n    background-image: url(http:\/\/www.sbq.org.br\/analitica\/wp-content\/uploads\/sites\/4\/2024\/09\/local.png);\n    background-repeat: no-repeat;\n    display: block;\n    padding-left: 20px;\n    margin-top: 10px;\n    margin-left: 20px;\n    }\n.data{\n    font-weight: 700;\n    font-size: 12px;\n    background-image: url(http:\/\/www.sbq.org.br\/analitica\/wp-content\/uploads\/sites\/4\/2024\/09\/icon-calendar2.png);\n    margin-top: 10px;\n    background-repeat: no-repeat;\n    display: block;\n    padding-left: 20px;\n    margin-left: 20px;\n    }\n<\/style>\n<div class=\"data\">\nJunho de 2025\n<\/div>\n\n\n<p class=\"link-text\">Para baixar o boletim completo <a href=\"https:\/\/drive.google.com\/file\/d\/1eWb0UCNz_EjKfVFVET7qK5yui-1pL4Sq\/view?export=download\">clique aqui<\/a>.<\/p>\n<!-- \/wp:html -->\n\n<!-- wp:html -->\n<hr style=\"border: 1px solid black;width: 100%\">\n<!-- \/wp:html -->\n\n<!-- wp:paragraph -->\n<p><\/p>\n<!-- \/wp:paragraph --><\/div><\/li>\n<li><a class=\"wp-block-latest-posts__post-title\" href=\"https:\/\/www.sbq.org.br\/analitica\/teste\/\">21\u00b0 Encontro Nacional de Qu\u00edmica Anal\u00edtica | 9\u00b0 Congresso Ibero Americano de Qu\u00edmica Anal\u00edtica<\/a><div class=\"wp-block-latest-posts__post-full-content\"><!-- wp:html -->\n<style>\n.link-text {\n    font-size: 14px; \/* Define a fonte de todo o par\u00e1grafo *\/\n    margin-top: 15px;\n    margin-left: 20px;\n}\n.link-text a {\n    text-decoration: none; \/* Remove o sublinhado do link *\/\n    color: blue; \/* Define a cor do link *\/\n    font-size: 14px; \/* Define o tamanho da fonte do link especificamente *\/\n}\n\n.link-text a:hover {\n    text-decoration: underline; \/* Adiciona sublinhado ao passar o mouse *\/\n}\n.local{\n    font-weight: 700;\n    font-size: 12px;\n    background-image: url(http:\/\/www.sbq.org.br\/analitica\/wp-content\/uploads\/sites\/4\/2024\/09\/local.png);\n    background-repeat: no-repeat;\n    display: block;\n    padding-left: 20px;\n    margin-top: 10px;\n    margin-left: 20px;\n    }\n.data{\n    font-weight: 700;\n    font-size: 12px;\n    background-image: url(http:\/\/www.sbq.org.br\/analitica\/wp-content\/uploads\/sites\/4\/2024\/09\/icon-calendar2.png);\n\n    background-repeat: no-repeat;\n    display: block;\n    padding-left: 20px;\n    margin-left: 20px;\n    }\n<\/style>\n\n\n\n<div class=\"local\">\nHangar Centro de Conven\u00e7\u00f5es, Bel\u00e9m\/PA, Brasil\n<\/div>\n<div class=\"data\">\nDomingo, 15 setembro de 2024 a quarta-feira, 18 Setembro de 2024\n<\/div>\n<p class=\"link-text\">Para mais informa\u00e7\u00f5es acesse: <a href=\"https:\/\/www.enqa2024.com.br\/\">https:\/\/www.enqa2024.com.br\/<\/a>.<\/p>\n<!-- \/wp:html -->\n\n<!-- wp:areoi\/div {\"block_id\":\"09aa0fcc-be7d-43c9-b08a-e21b70175dd8\"} -->\n<!-- wp:separator {\"className\":\"is-style-wide\"} -->\n<hr class=\"wp-block-separator has-alpha-channel-opacity is-style-wide\" \/>\n<!-- \/wp:separator -->\n<!-- \/wp:areoi\/div --><\/div><\/li>\n<li><a class=\"wp-block-latest-posts__post-title\" href=\"https:\/\/www.sbq.org.br\/analitica\/boletim-7\/\">Boletim 07<\/a><div class=\"wp-block-latest-posts__post-full-content\"><!-- wp:html -->\n<style>\n.link-text {\n    font-size: 14px; \/* Define a fonte de todo o par\u00e1grafo *\/\n    margin-top: 15px;\n    margin-left: 20px;\n}\n.link-text a {\n    text-decoration: none; \/* Remove o sublinhado do link *\/\n    color: blue; \/* Define a cor do link *\/\n    font-size: 14px; \/* Define o tamanho da fonte do link especificamente *\/\n}\n\n.link-text a:hover {\n    text-decoration: underline; \/* Adiciona sublinhado ao passar o mouse *\/\n}\n.local{\n    font-weight: 700;\n    font-size: 12px;\n    background-image: url(http:\/\/www.sbq.org.br\/analitica\/wp-content\/uploads\/sites\/4\/2024\/09\/local.png);\n    background-repeat: no-repeat;\n    display: block;\n    padding-left: 20px;\n    margin-top: 10px;\n    margin-left: 20px;\n    }\n.data{\n    font-weight: 700;\n    font-size: 12px;\n    background-image: url(http:\/\/www.sbq.org.br\/analitica\/wp-content\/uploads\/sites\/4\/2024\/09\/icon-calendar2.png);\n    margin-top: 10px;\n    background-repeat: no-repeat;\n    display: block;\n    padding-left: 20px;\n    margin-left: 20px;\n    }\n<\/style>\n<div class=\"data\">\nSetembro de 2024\n<\/div>\n\n\n<p class=\"link-text\">Para baixar o boletim completo <a href=\"https:\/\/drive.google.com\/file\/d\/1uZhZDPCZ9fFAErnK9f-2mOwPk3gw2Gn_\/view?export=download\">clique aqui<\/a>.<\/p>\n<!-- \/wp:html -->\n\n<!-- wp:html -->\n<hr style=\"border: 1px solid black;width: 100%\">\n<!-- \/wp:html --><\/div><\/li>\n<li><a class=\"wp-block-latest-posts__post-title\" href=\"https:\/\/www.sbq.org.br\/analitica\/boletim-6\/\">Boletim 06<\/a><div class=\"wp-block-latest-posts__post-full-content\"><!-- wp:html -->\n<style>\n.link-text {\n    font-size: 14px; \/* Define a fonte de todo o par\u00e1grafo *\/\n    margin-top: 15px;\n    margin-left: 20px;\n}\n.link-text a {\n    text-decoration: none; \/* Remove o sublinhado do link *\/\n    color: blue; \/* Define a cor do link *\/\n    font-size: 14px; \/* Define o tamanho da fonte do link especificamente *\/\n}\n\n.link-text a:hover {\n    text-decoration: underline; \/* Adiciona sublinhado ao passar o mouse *\/\n}\n.local{\n    font-weight: 700;\n    font-size: 12px;\n    background-image: url(http:\/\/www.sbq.org.br\/analitica\/wp-content\/uploads\/sites\/4\/2024\/09\/local.png);\n    background-repeat: no-repeat;\n    display: block;\n    padding-left: 20px;\n    margin-top: 10px;\n    margin-left: 20px;\n    }\n.data{\n    font-weight: 700;\n    font-size: 12px;\n    background-image: url(http:\/\/www.sbq.org.br\/analitica\/wp-content\/uploads\/sites\/4\/2024\/09\/icon-calendar2.png);\n    margin-top: 10px;\n    background-repeat: no-repeat;\n    display: block;\n    padding-left: 20px;\n    margin-left: 20px;\n    }\n<\/style>\n<div class=\"data\">\nMaio de 2024\n<\/div>\n\n\n<p class=\"link-text\">Para baixar o boletim completo <a href=\"https:\/\/drive.google.com\/file\/d\/192MXuEKa_DFHHXEGfMxEGDlqbMpMIxHE\/view?export=download\">clique aqui<\/a>.<\/p>\n<!-- \/wp:html -->\n\n<!-- wp:html -->\n<hr style=\"border: 1px solid black;width: 100%\">\n<!-- \/wp:html --><\/div><\/li>\n<li><a class=\"wp-block-latest-posts__post-title\" href=\"https:\/\/www.sbq.org.br\/analitica\/boletim-5\/\">Boletim 05<\/a><div class=\"wp-block-latest-posts__post-full-content\"><!-- wp:html -->\n<style>\n.link-text {\n    font-size: 14px; \/* Define a fonte de todo o par\u00e1grafo *\/\n    margin-top: 15px;\n    margin-left: 20px;\n}\n.link-text a {\n    text-decoration: none; \/* Remove o sublinhado do link *\/\n    color: blue; \/* Define a cor do link *\/\n    font-size: 14px; \/* Define o tamanho da fonte do link especificamente *\/\n}\n\n.link-text a:hover {\n    text-decoration: underline; \/* Adiciona sublinhado ao passar o mouse *\/\n}\n.local{\n    font-weight: 700;\n    font-size: 12px;\n    background-image: url(http:\/\/www.sbq.org.br\/analitica\/wp-content\/uploads\/sites\/4\/2024\/09\/local.png);\n    background-repeat: no-repeat;\n    display: block;\n    padding-left: 20px;\n    margin-top: 10px;\n    margin-left: 20px;\n    }\n.data{\n    font-weight: 700;\n    font-size: 12px;\n    background-image: url(http:\/\/www.sbq.org.br\/analitica\/wp-content\/uploads\/sites\/4\/2024\/09\/icon-calendar2.png);\n    margin-top: 10px;\n    background-repeat: no-repeat;\n    display: block;\n    padding-left: 20px;\n    margin-left: 20px;\n    }\n<\/style>\n<div class=\"data\">\nMaio de 2023\n<\/div>\n\n\n<p class=\"link-text\">Para baixar o boletim completo <a href=\"https:\/\/drive.google.com\/file\/d\/1YYphzcj0AiuOHKOb9BKirhfYdcoAKJd9\/view?export=download\">clique aqui<\/a>.<\/p>\n<!-- \/wp:html -->\n\n<!-- wp:html -->\n<hr style=\"border: 1px solid black;width: 100%\">\n<!-- \/wp:html --><\/div><\/li>\n<li><a class=\"wp-block-latest-posts__post-title\" href=\"https:\/\/www.sbq.org.br\/analitica\/boletim-4\/\">Boletim 04<\/a><div class=\"wp-block-latest-posts__post-full-content\"><!-- wp:html -->\n<style>\n.link-text {\n    font-size: 14px; \/* Define a fonte de todo o par\u00e1grafo *\/\n    margin-top: 15px;\n    margin-left: 20px;\n}\n.link-text a {\n    text-decoration: none; \/* Remove o sublinhado do link *\/\n    color: blue; \/* Define a cor do link *\/\n    font-size: 14px; \/* Define o tamanho da fonte do link especificamente *\/\n}\n\n.link-text a:hover {\n    text-decoration: underline; \/* Adiciona sublinhado ao passar o mouse *\/\n}\n.local{\n    font-weight: 700;\n    font-size: 12px;\n    background-image: url(http:\/\/www.sbq.org.br\/analitica\/wp-content\/uploads\/sites\/4\/2024\/09\/local.png);\n    background-repeat: no-repeat;\n    display: block;\n    padding-left: 20px;\n    margin-top: 10px;\n    margin-left: 20px;\n    }\n.data{\n    font-weight: 700;\n    font-size: 12px;\n    background-image: url(http:\/\/www.sbq.org.br\/analitica\/wp-content\/uploads\/sites\/4\/2024\/09\/icon-calendar2.png);\n    margin-top: 10px;\n    background-repeat: no-repeat;\n    display: block;\n    padding-left: 20px;\n    margin-left: 20px;\n    }\n<\/style>\n<div class=\"data\">\nSetembro de 2022\n<\/div>\n\n\n<p class=\"link-text\">Para baixar o boletim completo <a href=\"https:\/\/drive.google.com\/file\/d\/1E9k8dc26aoXgaS6QjNVyF8Oq-37SdSt0\/view?export=download\">clique aqui<\/a>.<\/p>\n<!-- \/wp:html -->\n\n<!-- wp:html -->\n<hr style=\"border: 1px solid black;width: 100%\">\n<!-- \/wp:html --><\/div><\/li>\n<li><a class=\"wp-block-latest-posts__post-title\" href=\"https:\/\/www.sbq.org.br\/analitica\/boletim-3-2\/\">Boletim 03<\/a><div class=\"wp-block-latest-posts__post-full-content\"><!-- wp:html -->\n<style>\n.link-text {\n    font-size: 14px; \/* Define a fonte de todo o par\u00e1grafo *\/\n    margin-top: 15px;\n    margin-left: 20px;\n}\n.link-text a {\n    text-decoration: none; \/* Remove o sublinhado do link *\/\n    color: blue; \/* Define a cor do link *\/\n    font-size: 14px; \/* Define o tamanho da fonte do link especificamente *\/\n}\n\n.link-text a:hover {\n    text-decoration: underline; \/* Adiciona sublinhado ao passar o mouse *\/\n}\n.local{\n    font-weight: 700;\n    font-size: 12px;\n    background-image: url(http:\/\/www.sbq.org.br\/analitica\/wp-content\/uploads\/sites\/4\/2024\/09\/local.png);\n    background-repeat: no-repeat;\n    display: block;\n    padding-left: 20px;\n    margin-top: 10px;\n    margin-left: 20px;\n    }\n.data{\n    font-weight: 700;\n    font-size: 12px;\n    background-image: url(http:\/\/www.sbq.org.br\/analitica\/wp-content\/uploads\/sites\/4\/2024\/09\/icon-calendar2.png);\n    margin-top: 10px;\n    background-repeat: no-repeat;\n    display: block;\n    padding-left: 20px;\n    margin-left: 20px;\n    }\n<\/style>\n<div class=\"data\">\nMaio de 2022\n<\/div>\n\n\n<p class=\"link-text\">Para baixar o boletim completo <a href=\"https:\/\/drive.google.com\/file\/d\/1SDaS1PRBqYDHVsDnmHVRaX-h6XRz9PTA\/view?export=download\">clique aqui<\/a>.<\/p>\n<!-- \/wp:html -->\n\n<!-- wp:html -->\n<hr style=\"border: 1px solid black;width: 100%\">\n<!-- \/wp:html --><\/div><\/li>\n<li><a class=\"wp-block-latest-posts__post-title\" href=\"https:\/\/www.sbq.org.br\/analitica\/boletim-02\/\">Boletim 02<\/a><div class=\"wp-block-latest-posts__post-full-content\"><!-- wp:html -->\n<style>\n.link-text {\n    font-size: 14px; \/* Define a fonte de todo o par\u00e1grafo *\/\n    margin-top: 15px;\n    margin-left: 20px;\n}\n.link-text a {\n    text-decoration: none; \/* Remove o sublinhado do link *\/\n    color: blue; \/* Define a cor do link *\/\n    font-size: 14px; \/* Define o tamanho da fonte do link especificamente *\/\n}\n\n.link-text a:hover {\n    text-decoration: underline; \/* Adiciona sublinhado ao passar o mouse *\/\n}\n.local{\n    font-weight: 700;\n    font-size: 12px;\n    background-image: url(http:\/\/www.sbq.org.br\/analitica\/wp-content\/uploads\/sites\/4\/2024\/09\/local.png);\n    background-repeat: no-repeat;\n    display: block;\n    padding-left: 20px;\n    margin-top: 10px;\n    margin-left: 20px;\n    }\n.data{\n    font-weight: 700;\n    font-size: 12px;\n    background-image: url(http:\/\/www.sbq.org.br\/analitica\/wp-content\/uploads\/sites\/4\/2024\/09\/icon-calendar2.png);\n    margin-top: 10px;\n    background-repeat: no-repeat;\n    display: block;\n    padding-left: 20px;\n    margin-left: 20px;\n    }\n<\/style>\n<div class=\"data\">\nOutubro de 2020\n<\/div>\n\n\n<p class=\"link-text\">Para baixar o boletim completo <a href=\"https:\/\/drive.google.com\/file\/d\/1USEBqaJpWP39yC-1Tn2TE5v6S3chcvED\/view?export=download\">clique aqui<\/a>.<\/p>\n<!-- \/wp:html -->\n\n<!-- wp:html -->\n<hr style=\"border: 1px solid black;width: 100%\">\n<!-- \/wp:html --><\/div><\/li>\n<li><a class=\"wp-block-latest-posts__post-title\" href=\"https:\/\/www.sbq.org.br\/analitica\/boletim-01\/\">Boletim 01<\/a><div class=\"wp-block-latest-posts__post-full-content\"><!-- wp:html -->\n<style>\n.link-text {\n    font-size: 14px; \/* Define a fonte de todo o par\u00e1grafo *\/\n    margin-top: 15px;\n    margin-left: 20px;\n}\n.link-text a {\n    text-decoration: none; \/* Remove o sublinhado do link *\/\n    color: blue; \/* Define a cor do link *\/\n    font-size: 14px; \/* Define o tamanho da fonte do link especificamente *\/\n}\n\n.link-text a:hover {\n    text-decoration: underline; \/* Adiciona sublinhado ao passar o mouse *\/\n}\n.local{\n    font-weight: 700;\n    font-size: 12px;\n    background-image: url(http:\/\/www.sbq.org.br\/analitica\/wp-content\/uploads\/sites\/4\/2024\/09\/local.png);\n    background-repeat: no-repeat;\n    display: block;\n    padding-left: 20px;\n    margin-top: 10px;\n    margin-left: 20px;\n    }\n.data{\n    font-weight: 700;\n    font-size: 12px;\n    background-image: url(http:\/\/www.sbq.org.br\/analitica\/wp-content\/uploads\/sites\/4\/2024\/09\/icon-calendar2.png);\n    margin-top: 10px;\n    background-repeat: no-repeat;\n    display: block;\n    padding-left: 20px;\n    margin-left: 20px;\n    }\n<\/style>\n<div class=\"data\">\nMaio de 2020\n<\/div>\n\n\n<p class=\"link-text\">Para baixar o boletim completo <a href=\"https:\/\/drive.google.com\/file\/d\/1giW6ldzn03bUlSu-o8D_ryvVfzdAEEUD\/view?export=download\">clique aqui<\/a>.<\/p>\n<!-- \/wp:html --><\/div><\/li>\n<\/ul><\/div>\n<\/div>\n\n \r\n\t\t\t\r\n\t\t<\/div>\r\n\t","protected":false},"excerpt":{"rendered":"","protected":false},"author":1,"featured_media":0,"parent":0,"menu_order":0,"comment_status":"closed","ping_status":"closed","template":"","meta":{"footnotes":""},"_links":{"self":[{"href":"https:\/\/www.sbq.org.br\/analitica\/wp-json\/wp\/v2\/pages\/14"}],"collection":[{"href":"https:\/\/www.sbq.org.br\/analitica\/wp-json\/wp\/v2\/pages"}],"about":[{"href":"https:\/\/www.sbq.org.br\/analitica\/wp-json\/wp\/v2\/types\/page"}],"author":[{"embeddable":true,"href":"https:\/\/www.sbq.org.br\/analitica\/wp-json\/wp\/v2\/users\/1"}],"replies":[{"embeddable":true,"href":"https:\/\/www.sbq.org.br\/analitica\/wp-json\/wp\/v2\/comments?post=14"}],"version-history":[{"count":12,"href":"https:\/\/www.sbq.org.br\/analitica\/wp-json\/wp\/v2\/pages\/14\/revisions"}],"predecessor-version":[{"id":738,"href":"https:\/\/www.sbq.org.br\/analitica\/wp-json\/wp\/v2\/pages\/14\/revisions\/738"}],"wp:attachment":[{"href":"https:\/\/www.sbq.org.br\/analitica\/wp-json\/wp\/v2\/media?parent=14"}],"curies":[{"name":"wp","href":"https:\/\/api.w.org\/{rel}","templated":true}]}}