{"id":67,"date":"2024-01-18T14:13:41","date_gmt":"2024-01-18T17:13:41","guid":{"rendered":"https:\/\/www.sbq.org.br\/ambiental\/?page_id=67"},"modified":"2024-01-18T14:13:41","modified_gmt":"2024-01-18T17:13:41","slug":"encontros-nacionais","status":"publish","type":"page","link":"https:\/\/www.sbq.org.br\/ambiental\/encontros-nacionais\/","title":{"rendered":"Encontros Nacionais"},"content":{"rendered":"\n<h2 class=\"wp-block-heading\">ENCONTROS NACIONAIS<\/h2>\n\n\n\n<p>Os encontros de Qu\u00edmica Ambiental est\u00e3o na oitava edi\u00e7\u00e3o e o pr\u00f3ximo ser\u00e1 no Rio Grande do Sul, em 2019. Vejam as informa\u00e7\u00f5es sobre eles.<\/p>\n","protected":false},"excerpt":{"rendered":"<p>ENCONTROS NACIONAIS Os encontros de Qu\u00edmica Ambiental est\u00e3o na oitava edi\u00e7\u00e3o e o pr\u00f3ximo ser\u00e1 no Rio Grande do Sul, em 2019. Vejam as informa\u00e7\u00f5es sobre eles.<\/p>\n","protected":false},"author":1,"featured_media":0,"parent":0,"menu_order":0,"comment_status":"closed","ping_status":"closed","template":"","meta":{"footnotes":""},"_links":{"self":[{"href":"https:\/\/www.sbq.org.br\/ambiental\/wp-json\/wp\/v2\/pages\/67"}],"collection":[{"href":"https:\/\/www.sbq.org.br\/ambiental\/wp-json\/wp\/v2\/pages"}],"about":[{"href":"https:\/\/www.sbq.org.br\/ambiental\/wp-json\/wp\/v2\/types\/page"}],"author":[{"embeddable":true,"href":"https:\/\/www.sbq.org.br\/ambiental\/wp-json\/wp\/v2\/users\/1"}],"replies":[{"embeddable":true,"href":"https:\/\/www.sbq.org.br\/ambiental\/wp-json\/wp\/v2\/comments?post=67"}],"version-history":[{"count":1,"href":"https:\/\/www.sbq.org.br\/ambiental\/wp-json\/wp\/v2\/pages\/67\/revisions"}],"predecessor-version":[{"id":68,"href":"https:\/\/www.sbq.org.br\/ambiental\/wp-json\/wp\/v2\/pages\/67\/revisions\/68"}],"wp:attachment":[{"href":"https:\/\/www.sbq.org.br\/ambiental\/wp-json\/wp\/v2\/media?parent=67"}],"curies":[{"name":"wp","href":"https:\/\/api.w.org\/{rel}","templated":true}]}}