{"id":65,"date":"2024-01-18T14:13:11","date_gmt":"2024-01-18T17:13:11","guid":{"rendered":"https:\/\/www.sbq.org.br\/ambiental\/?page_id=65"},"modified":"2024-01-18T14:13:11","modified_gmt":"2024-01-18T17:13:11","slug":"links","status":"publish","type":"page","link":"https:\/\/www.sbq.org.br\/ambiental\/links\/","title":{"rendered":"Links"},"content":{"rendered":"\n<p><a href=\"http:\/\/www.mma.gov.br\/\" target=\"_blank\" rel=\"noreferrer noopener\">Minist\u00e9rio do Meio Ambiente<\/a><\/p>\n\n\n\n<p>Minist\u00e9rio do Meio Ambiente e link para o CONAMA<\/p>\n\n\n\n<p><a href=\"http:\/\/www.ibama.gov.br\/\" target=\"_blank\" rel=\"noreferrer noopener\">IBAMA<\/a><\/p>\n\n\n\n<p>IBAMA<\/p>\n\n\n\n<p><a href=\"http:\/\/www.cetesb.sp.gov.br\/\" target=\"_blank\" rel=\"noreferrer noopener\">CETESB<\/a><\/p>\n\n\n\n<p>Companhia de Tecnologia de Saneamento Ambiental &#8211; Secretaria de Estado do Meio Ambiente do Estado de S\u00e3o Paulo<\/p>\n\n\n\n<p><a href=\"http:\/\/www.epa.gov\/\" target=\"_blank\" rel=\"noreferrer noopener\">U. S. EPA<\/a><\/p>\n\n\n\n<p>Ag\u00eancia de Prote\u00e7\u00e3o Ambiental dos Estados Unidos<\/p>\n\n\n\n<p><a href=\"http:\/\/www.usgs.gov\/\" target=\"_blank\" rel=\"noreferrer noopener\">U.S. Geological Survey<\/a><\/p>\n\n\n\n<p>USGS: Your source for science you can use<\/p>\n\n\n\n<p><a href=\"http:\/\/www.unep.org\/\" target=\"_blank\" rel=\"noreferrer noopener\">UNEP<\/a><\/p>\n\n\n\n<p>United Nations Environment Programme &#8211; environment for development<\/p>\n\n\n\n<p><a href=\"http:\/\/www.envirofacs.org\/\" target=\"_blank\" rel=\"noreferrer noopener\">Division of Environmental Chemistry &#8211; ACS<\/a><\/p>\n\n\n\n<p>Divis\u00e3o de Qu\u00edmica Ambiental da American Chemical Society<\/p>\n","protected":false},"excerpt":{"rendered":"<p>Minist\u00e9rio do Meio Ambiente Minist\u00e9rio do Meio Ambiente e link para o CONAMA IBAMA IBAMA CETESB Companhia de Tecnologia de Saneamento Ambiental &#8211; Secretaria de Estado do Meio Ambiente do Estado de S\u00e3o Paulo U. S. EPA Ag\u00eancia de Prote\u00e7\u00e3o Ambiental dos Estados Unidos U.S. Geological Survey USGS: Your source for science you can use [&hellip;]<\/p>\n","protected":false},"author":1,"featured_media":0,"parent":0,"menu_order":0,"comment_status":"closed","ping_status":"closed","template":"","meta":{"footnotes":""},"_links":{"self":[{"href":"https:\/\/www.sbq.org.br\/ambiental\/wp-json\/wp\/v2\/pages\/65"}],"collection":[{"href":"https:\/\/www.sbq.org.br\/ambiental\/wp-json\/wp\/v2\/pages"}],"about":[{"href":"https:\/\/www.sbq.org.br\/ambiental\/wp-json\/wp\/v2\/types\/page"}],"author":[{"embeddable":true,"href":"https:\/\/www.sbq.org.br\/ambiental\/wp-json\/wp\/v2\/users\/1"}],"replies":[{"embeddable":true,"href":"https:\/\/www.sbq.org.br\/ambiental\/wp-json\/wp\/v2\/comments?post=65"}],"version-history":[{"count":1,"href":"https:\/\/www.sbq.org.br\/ambiental\/wp-json\/wp\/v2\/pages\/65\/revisions"}],"predecessor-version":[{"id":66,"href":"https:\/\/www.sbq.org.br\/ambiental\/wp-json\/wp\/v2\/pages\/65\/revisions\/66"}],"wp:attachment":[{"href":"https:\/\/www.sbq.org.br\/ambiental\/wp-json\/wp\/v2\/media?parent=65"}],"curies":[{"name":"wp","href":"https:\/\/api.w.org\/{rel}","templated":true}]}}