{"id":56,"date":"2024-01-18T11:57:27","date_gmt":"2024-01-18T14:57:27","guid":{"rendered":"https:\/\/www.sbq.org.br\/ambiental\/?page_id=56"},"modified":"2024-05-13T17:04:15","modified_gmt":"2024-05-13T20:04:15","slug":"relatorios","status":"publish","type":"page","link":"https:\/\/www.sbq.org.br\/ambiental\/relatorios\/","title":{"rendered":"Relat\u00f3rios"},"content":{"rendered":"\n<section id=\"gdf7f6a\" class=\"wp-block-gutentor-p4 section-gdf7f6a gutentor-post-module gutentor-advanced-post-module\" data-gpid=\"56\" data-l-ani=\"gp4-animation-1\" data-i-b=\"gutentor\/p1\" data-maxnumpages=\"1\">\n\n<section class=\"gutentor-post-module section-2ca0bf93-80de-4729-b01c-4090c1f109d4 gutentor-post-module-p1 gutentor_p1_template1 wp-block-gutentor-p1 gutentor-blog-grid\" id=\"2ca0bf93-80de-4729-b01c-4090c1f109d4\" data-gbid=\"2ca0bf93-80de-4729-b01c-4090c1f109d4\" >\n<div class='grid-container'><div class='grid-row' ><article class='gutentor-post gutentor-post-no-thumb  grid-lg-12 grid-md-4 grid-12'><div class='gutentor-post-item'><div class=\"gutentor-post-title-data-wrap\"><h3 class=\"gutentor-post-title\"><a href=\"https:\/\/www.sbq.org.br\/ambiental\/relatorio-da-divisao-de-quimica-ambiental\/\" rel=\"bookmark\">Relat\u00f3rio da Divis\u00e3o de Qu\u00edmica Ambiental<\/a><\/h3><\/div><div class=\"gutentor-post-desc\">Relat\u00f3rio das atividades da Divis\u00e3o na 33a. RASBQ&hellip;<\/div><a class=\"gutentor-button gutentor-post-button\"  href=\"https:\/\/www.sbq.org.br\/ambiental\/relatorio-da-divisao-de-quimica-ambiental\/\" href=\"https:\/\/www.sbq.org.br\/ambiental\/relatorio-da-divisao-de-quimica-ambiental\/\"><span>Read More<\/span><\/a><\/div><\/article><article class='gutentor-post gutentor-post-no-thumb  grid-lg-12 grid-md-4 grid-12'><div class='gutentor-post-item'><div class=\"gutentor-post-title-data-wrap\"><h3 class=\"gutentor-post-title\"><a href=\"https:\/\/www.sbq.org.br\/ambiental\/relatorio-da-32a-rasbq-2009\/\" rel=\"bookmark\">Relat\u00f3rio da 32\u00aa. RASBQ \u2013 2009<\/a><\/h3><\/div><div class=\"gutentor-post-desc\">Relat\u00f3rio da 32&ordf;. RASBQ &ndash; Divis\u00e3o de Qu\u00edmica AmbientalNo dia 30 de maio de 2009 ocorreu o&hellip;<\/div><a class=\"gutentor-button gutentor-post-button\"  href=\"https:\/\/www.sbq.org.br\/ambiental\/relatorio-da-32a-rasbq-2009\/\" href=\"https:\/\/www.sbq.org.br\/ambiental\/relatorio-da-32a-rasbq-2009\/\"><span>Read More<\/span><\/a><\/div><\/article><article class='gutentor-post gutentor-post-no-thumb  grid-lg-12 grid-md-4 grid-12'><div class='gutentor-post-item'><div class=\"gutentor-post-title-data-wrap\"><h3 class=\"gutentor-post-title\"><a href=\"https:\/\/www.sbq.org.br\/ambiental\/relatorio-de-atividades-durante-a-31a-sbq-2008\/\" rel=\"bookmark\">Relat\u00f3rio de atividades durante a 31a. SBQ &#8211; 2008<\/a><\/h3><\/div><div class=\"gutentor-post-desc\">Relat\u00f3rio.&hellip;<\/div><a class=\"gutentor-button gutentor-post-button\"  href=\"https:\/\/www.sbq.org.br\/ambiental\/relatorio-de-atividades-durante-a-31a-sbq-2008\/\" href=\"https:\/\/www.sbq.org.br\/ambiental\/relatorio-de-atividades-durante-a-31a-sbq-2008\/\"><span>Read More<\/span><\/a><\/div><\/article><article class='gutentor-post gutentor-post-no-thumb  grid-lg-12 grid-md-4 grid-12'><div class='gutentor-post-item'><div class=\"gutentor-post-title-data-wrap\"><h3 class=\"gutentor-post-title\"><a href=\"https:\/\/www.sbq.org.br\/ambiental\/ata-da-reuniao-durante-a-31a-sbq-2008\/\" rel=\"bookmark\">Ata da Reuni\u00e3o durante a 31a. SBQ &#8211; 2008<\/a><\/h3><\/div><div class=\"gutentor-post-desc\">Atahttp:\/\/www.sbq.org.br\/wp-content\/uploads\/sites\/3\/2023\/12\/ataicreuniao270508.pdf&hellip;<\/div><a class=\"gutentor-button gutentor-post-button\"  href=\"https:\/\/www.sbq.org.br\/ambiental\/ata-da-reuniao-durante-a-31a-sbq-2008\/\" href=\"https:\/\/www.sbq.org.br\/ambiental\/ata-da-reuniao-durante-a-31a-sbq-2008\/\"><span>Read More<\/span><\/a><\/div><\/article><article class='gutentor-post gutentor-post-no-thumb  grid-lg-12 grid-md-4 grid-12'><div class='gutentor-post-item'><div class=\"gutentor-post-title-data-wrap\"><h3 class=\"gutentor-post-title\"><a href=\"https:\/\/www.sbq.org.br\/ambiental\/ata-da-reuniao-enqamb-2008\/\" rel=\"bookmark\">Ata da Reuni\u00e3o ENQAmb 2008<\/a><\/h3><\/div><div class=\"gutentor-post-desc\">Ata ENQAmbhttp:\/\/www.sbq.org.br\/wp-content\/uploads\/sites\/3\/2023\/12\/ataenqamb2.pdf&hellip;<\/div><a class=\"gutentor-button gutentor-post-button\"  href=\"https:\/\/www.sbq.org.br\/ambiental\/ata-da-reuniao-enqamb-2008\/\" href=\"https:\/\/www.sbq.org.br\/ambiental\/ata-da-reuniao-enqamb-2008\/\"><span>Read More<\/span><\/a><\/div><\/article><article class='gutentor-post gutentor-post-no-thumb  grid-lg-12 grid-md-4 grid-12'><div class='gutentor-post-item'><div class=\"gutentor-post-title-data-wrap\"><h3 class=\"gutentor-post-title\"><a href=\"https:\/\/www.sbq.org.br\/ambiental\/relatorio-de-atividades-durante-a-30a-sbq-2007\/\" rel=\"bookmark\">Relat\u00f3rio de atividades durante a 30a.SBQ &#8211; 2007<\/a><\/h3><\/div><div class=\"gutentor-post-desc\">Relat\u00f3rio de atividades durante a 30a.SBQ &#8211; 2007&hellip;<\/div><a class=\"gutentor-button gutentor-post-button\"  href=\"https:\/\/www.sbq.org.br\/ambiental\/relatorio-de-atividades-durante-a-30a-sbq-2007\/\" href=\"https:\/\/www.sbq.org.br\/ambiental\/relatorio-de-atividades-durante-a-30a-sbq-2007\/\"><span>Read More<\/span><\/a><\/div><\/article><article class='gutentor-post gutentor-post-no-thumb  grid-lg-12 grid-md-4 grid-12'><div class='gutentor-post-item'><div class=\"gutentor-post-title-data-wrap\"><h3 class=\"gutentor-post-title\"><a href=\"https:\/\/www.sbq.org.br\/ambiental\/relatorio-de-atividades-durante-a-29a-sbq\/\" rel=\"bookmark\">Relat\u00f3rio de atividades durante a 29a.SBQ<\/a><\/h3><\/div><div class=\"gutentor-post-desc\">Relat\u00f3rio de atividades durante a 29a.SBQ &#8211; final da gest\u00e3o 2004-2006 e in\u00edcio da gest\u00e3o 2006-2008ht&hellip;<\/div><a class=\"gutentor-button gutentor-post-button\"  href=\"https:\/\/www.sbq.org.br\/ambiental\/relatorio-de-atividades-durante-a-29a-sbq\/\" href=\"https:\/\/www.sbq.org.br\/ambiental\/relatorio-de-atividades-durante-a-29a-sbq\/\"><span>Read More<\/span><\/a><\/div><\/article><\/div><\/div><\/section>\n\n\n<div id=\"section-gd9334c\" class=\"wp-block-gutentor-e17 section-gd9334c gutentor-element gutentor-post-footer\"><div class=\"grid-container\"><div class=\"grid-row\">\n<div id=\"col-gm4bb80b\" class=\"wp-block-gutentor-e15 gutentor-single-column  grid-lg-12 grid-md-12 grid-12\"><div id=\"section-gm4bb80b\" class=\"section-gm4bb80b gutentor-col-wrap\">\n<div id=\"section-g7b3a37\" class=\"wp-block-gutentor-e12 section-g7b3a37 gutentor-element gutentor-element-pagination text-align-center-mobile\"><div class=\"gutentor-pagination-wrap\" data-maxnumpages=\"1\"><ul class=\"gutentor-pagination\"><li class=\"gutentor-pagination-item gutentor-pagination-prev\"><a class=\"gutentor-pagination-link gutentor-disabled\" href=\"#\"><i class=\"fas fa-chevron-left\"><\/i>Previous<\/a><\/li><li class=\"gutentor-pagination-item gutentor-pagination-active\" data-gpage=\"1\"><a class=\"gutentor-pagination-link\" href=\"#\">1<\/a><\/li><li class=\"gutentor-pagination-item gutentor-pagination-next\"><a class=\"gutentor-pagination-link gutentor-disabled\" href=\"#\" data-gpage=\"2\">Next<i class=\"fas fa-chevron-right\"><\/i><\/a><\/li><\/ul><\/div><\/div>\n<\/div><\/div>\n<\/div><\/div><\/div>\n<\/section>\n","protected":false},"excerpt":{"rendered":"","protected":false},"author":1,"featured_media":0,"parent":0,"menu_order":0,"comment_status":"closed","ping_status":"closed","template":"institucional","meta":{"footnotes":""},"_links":{"self":[{"href":"https:\/\/www.sbq.org.br\/ambiental\/wp-json\/wp\/v2\/pages\/56"}],"collection":[{"href":"https:\/\/www.sbq.org.br\/ambiental\/wp-json\/wp\/v2\/pages"}],"about":[{"href":"https:\/\/www.sbq.org.br\/ambiental\/wp-json\/wp\/v2\/types\/page"}],"author":[{"embeddable":true,"href":"https:\/\/www.sbq.org.br\/ambiental\/wp-json\/wp\/v2\/users\/1"}],"replies":[{"embeddable":true,"href":"https:\/\/www.sbq.org.br\/ambiental\/wp-json\/wp\/v2\/comments?post=56"}],"version-history":[{"count":3,"href":"https:\/\/www.sbq.org.br\/ambiental\/wp-json\/wp\/v2\/pages\/56\/revisions"}],"predecessor-version":[{"id":147,"href":"https:\/\/www.sbq.org.br\/ambiental\/wp-json\/wp\/v2\/pages\/56\/revisions\/147"}],"wp:attachment":[{"href":"https:\/\/www.sbq.org.br\/ambiental\/wp-json\/wp\/v2\/media?parent=56"}],"curies":[{"name":"wp","href":"https:\/\/api.w.org\/{rel}","templated":true}]}}