{"id":3,"date":"2014-09-26T21:09:51","date_gmt":"2014-09-27T00:09:51","guid":{"rendered":"https:\/\/www.sbq.org.br\/regional_amazonas\/sobre-a-secretaria-regional-do-amazonas\/"},"modified":"2024-11-26T13:27:23","modified_gmt":"2024-11-26T16:27:23","slug":"sobre-a-secretaria-regional-do-amazonas","status":"publish","type":"page","link":"https:\/\/www.sbq.org.br\/amazonas\/sobre-a-secretaria-regional-do-amazonas\/","title":{"rendered":"Sobre a Secretaria Regional do Amazonas"},"content":{"rendered":"<p>A <strong>Secretaria Regional da SBQ no Amazonas <\/strong>tem como prop\u00f3sitos congregar a comunidade local de qu\u00edmicos e atuar fortemente na difus\u00e3o da import\u00e2ncia da qu\u00edmica para a regi\u00e3o. Dentre as principais a\u00e7\u00f5es da secretaria est\u00e3o a organiza\u00e7\u00e3o de reuni\u00f5es e eventos cient\u00edficos, o est\u00edmulo ao interc\u00e2mbio e colabora\u00e7\u00f5es com pesquisadores do restante do pa\u00eds e o fortalecimento do ensino de qu\u00edmica na regi\u00e3o. Associe-se \u00e0 SBQ!<\/p>\n<p><strong><strong><strong>Resgate hist\u00f3rico da Regional do Amazonas (ATUALIZAREMOS EM BREVE!)<\/strong><\/strong><\/strong><br \/>\nA SBQ Regional do Amazonas foi criada no in\u00edcio dos anos de 1980, tendo como primeiro Secret\u00e1rio Regional, o eminente pesquisador amaz\u00f4nida, Dr. Jos\u00e9 Guilherme Soares Maia, que \u00e0quela altura atuava como diretor da Divis\u00e3o de Fitoqu\u00edmica do INPA. O Dr.Maia foi sucedido na Secretaria, a partir de 1985, pelo saudoso Prof. Dr. Arnaldo Imbiriba da Rocha, ent\u00e3o pertencente ao Departamento de Qu\u00edmica da UFAM. N\u00e3o encontramos registros de sucessores do prof.Imbiriba, sabendo-se, contudo, que a nossa Regional foi reativada em 2008, com a nomea\u00e7\u00e3o pela SBQ de uma diretoria pro-tempore assim constitu\u00edda: Secret\u00e1rio- Dr.S\u00e9rgio Massayoshi Nunomura (INPA),Vice-Secret\u00e1rio- Dr. Paulo Rog\u00e9rio da Costa Couceiro (UFAM),Tesoureiro- Dra.Claudia C\u00e2ndida Silva (UEA). Para o bi\u00eanio 2010-2011 foi eleita a primeira diretoria da nova fase da SBQ: Secret\u00e1ria: Dra.Claudia C\u00e2ndida Silva (UEA), Vice-Secret\u00e1rio -Dr. Valdir Flor\u00eancio da Veiga J\u00fanior (UFAM), Tesoureiro- Dra. Cecilia Ve\u00f4nica Nu\u00f1ez (INPA).Diretoria atual: Secret\u00e1ria- Dra. Maria L\u00facia Bel\u00e9m Pinheiro (UFAM). Vice-Secret\u00e1ria- Dra. Maria da Paz Lima (INPA), Tesoureiro, Dr. Paulo Rog\u00e9rio da Costa Couceiro(UFAM).<\/p>\n","protected":false},"excerpt":{"rendered":"<p>A Secretaria Regional da SBQ no Amazonas tem como prop\u00f3sitos congregar a comunidade local de qu\u00edmicos e atuar fortemente na difus\u00e3o da import\u00e2ncia da qu\u00edmica para a regi\u00e3o. Dentre as principais a\u00e7\u00f5es da secretaria est\u00e3o a organiza\u00e7\u00e3o de reuni\u00f5es e eventos cient\u00edficos, o est\u00edmulo ao interc\u00e2mbio e colabora\u00e7\u00f5es com pesquisadores do restante do pa\u00eds e [&hellip;]<\/p>\n","protected":false},"author":1,"featured_media":0,"parent":0,"menu_order":0,"comment_status":"closed","ping_status":"closed","template":"institucional","meta":{"footnotes":""},"_links":{"self":[{"href":"https:\/\/www.sbq.org.br\/amazonas\/wp-json\/wp\/v2\/pages\/3"}],"collection":[{"href":"https:\/\/www.sbq.org.br\/amazonas\/wp-json\/wp\/v2\/pages"}],"about":[{"href":"https:\/\/www.sbq.org.br\/amazonas\/wp-json\/wp\/v2\/types\/page"}],"author":[{"embeddable":true,"href":"https:\/\/www.sbq.org.br\/amazonas\/wp-json\/wp\/v2\/users\/1"}],"replies":[{"embeddable":true,"href":"https:\/\/www.sbq.org.br\/amazonas\/wp-json\/wp\/v2\/comments?post=3"}],"version-history":[{"count":3,"href":"https:\/\/www.sbq.org.br\/amazonas\/wp-json\/wp\/v2\/pages\/3\/revisions"}],"predecessor-version":[{"id":163,"href":"https:\/\/www.sbq.org.br\/amazonas\/wp-json\/wp\/v2\/pages\/3\/revisions\/163"}],"wp:attachment":[{"href":"https:\/\/www.sbq.org.br\/amazonas\/wp-json\/wp\/v2\/media?parent=3"}],"curies":[{"name":"wp","href":"https:\/\/api.w.org\/{rel}","templated":true}]}}