{"id":24,"date":"2024-01-10T14:52:54","date_gmt":"2024-01-10T17:52:54","guid":{"rendered":"https:\/\/www.sbq.org.br\/amazonas\/?page_id=24"},"modified":"2024-01-10T14:52:54","modified_gmt":"2024-01-10T17:52:54","slug":"links","status":"publish","type":"page","link":"https:\/\/www.sbq.org.br\/amazonas\/links\/","title":{"rendered":"Links"},"content":{"rendered":"\n<p><a href=\"http:\/\/www.uea.edu.br\" target=\"_blank\" rel=\"noreferrer noopener\">UEA<\/a><\/p>\n\n\n\n<p>Universidade do Estado do Amazonas.<\/p>\n\n\n\n<p><a href=\"http:\/\/www.ufam.edu.br\" target=\"_blank\" rel=\"noreferrer noopener\">UFAM<\/a><\/p>\n\n\n\n<p>Universidade Federal do Amazonas.<\/p>\n\n\n\n<p><a href=\"http:\/\/www.inpa.gov.br\" target=\"_blank\" rel=\"noreferrer noopener\">INPA<\/a><\/p>\n\n\n\n<p>Instituto Nacional de Pesquisas da Amaz\u00f4nia.<\/p>\n\n\n\n<p><a href=\"http:\/\/www.cefetam.edu.br\/default10.php\" target=\"_blank\" rel=\"noreferrer noopener\">CEFET-AM<\/a><\/p>\n\n\n\n<p>Centro Federal de Educa\u00e7\u00e3o Tecnol\u00f3gica do Amazonas.<\/p>\n\n\n\n<p><a href=\"http:\/\/www.suframa.gov.br\/cba\/index.cfm\" target=\"_blank\" rel=\"noreferrer noopener\">CBA<\/a><\/p>\n\n\n\n<p>Centro de Biotecnologia do Amazonas.<\/p>\n","protected":false},"excerpt":{"rendered":"<p>UEA Universidade do Estado do Amazonas. UFAM Universidade Federal do Amazonas. INPA Instituto Nacional de Pesquisas da Amaz\u00f4nia. CEFET-AM Centro Federal de Educa\u00e7\u00e3o Tecnol\u00f3gica do Amazonas. CBA Centro de Biotecnologia do Amazonas.<\/p>\n","protected":false},"author":1,"featured_media":0,"parent":0,"menu_order":0,"comment_status":"closed","ping_status":"closed","template":"","meta":{"footnotes":""},"_links":{"self":[{"href":"https:\/\/www.sbq.org.br\/amazonas\/wp-json\/wp\/v2\/pages\/24"}],"collection":[{"href":"https:\/\/www.sbq.org.br\/amazonas\/wp-json\/wp\/v2\/pages"}],"about":[{"href":"https:\/\/www.sbq.org.br\/amazonas\/wp-json\/wp\/v2\/types\/page"}],"author":[{"embeddable":true,"href":"https:\/\/www.sbq.org.br\/amazonas\/wp-json\/wp\/v2\/users\/1"}],"replies":[{"embeddable":true,"href":"https:\/\/www.sbq.org.br\/amazonas\/wp-json\/wp\/v2\/comments?post=24"}],"version-history":[{"count":1,"href":"https:\/\/www.sbq.org.br\/amazonas\/wp-json\/wp\/v2\/pages\/24\/revisions"}],"predecessor-version":[{"id":25,"href":"https:\/\/www.sbq.org.br\/amazonas\/wp-json\/wp\/v2\/pages\/24\/revisions\/25"}],"wp:attachment":[{"href":"https:\/\/www.sbq.org.br\/amazonas\/wp-json\/wp\/v2\/media?parent=24"}],"curies":[{"name":"wp","href":"https:\/\/api.w.org\/{rel}","templated":true}]}}