{"id":20,"date":"2024-01-10T14:51:36","date_gmt":"2024-01-10T17:51:36","guid":{"rendered":"https:\/\/www.sbq.org.br\/amazonas\/?page_id=20"},"modified":"2024-05-14T10:03:02","modified_gmt":"2024-05-14T13:03:02","slug":"noticias","status":"publish","type":"page","link":"https:\/\/www.sbq.org.br\/amazonas\/noticias\/","title":{"rendered":"Not\u00edcias"},"content":{"rendered":"\n<div class=\"wp-block-columns alignwide is-layout-flex wp-container-core-columns-layout-1 wp-block-columns-is-layout-flex\">\n<div class=\"wp-block-column is-layout-flow wp-block-column-is-layout-flow\" style=\"flex-basis:33.33%\">\n<div class=\"wp-block-group has-global-padding is-content-justification-right is-layout-constrained wp-container-core-group-layout-1 wp-block-group-is-layout-constrained\">\n<p class=\"has-text-align-left\">Acompanhe nesta se\u00e7\u00e3o comunicados e not\u00edcias relevantes que selecionamos para voc\u00ea.<\/p>\n<\/div>\n<\/div>\n\n\n\n<div class=\"wp-block-column is-layout-flow wp-block-column-is-layout-flow\" style=\"flex-basis:66.66%\">\n<section id=\"gdff161\" class=\"wp-block-gutentor-p4 section-gdff161 gutentor-post-module gutentor-advanced-post-module\" data-gpid=\"20\" data-l-ani=\"gp4-animation-1\" data-i-b=\"gutentor\/p1\" data-maxnumpages=\"1\">\n\n<section class=\"gutentor-post-module section-cecebd20-1429-402d-ab04-978b272e3c50 gutentor-post-module-p1 gutentor_p1_template1 wp-block-gutentor-p1 gutentor-blog-grid\" id=\"cecebd20-1429-402d-ab04-978b272e3c50\" data-gbid=\"cecebd20-1429-402d-ab04-978b272e3c50\" >\n<div class='grid-container'><div class='grid-row' ><header class=\"g-n-f-t-1\"><h2 class=\"g-n-f-title\">Nothing Found<\/h2><\/header><\/div><\/div><\/section>\n\n\n<div id=\"section-g7cc236\" class=\"wp-block-gutentor-e17 section-g7cc236 gutentor-element gutentor-post-footer\"><div class=\"grid-container\"><div class=\"grid-row\">\n<div id=\"col-gm9dd9ef\" class=\"wp-block-gutentor-e15 gutentor-single-column  grid-lg-12 grid-md-12 grid-12\"><div id=\"section-gm9dd9ef\" class=\"section-gm9dd9ef gutentor-col-wrap\">\n<div id=\"section-g0f2a8e\" class=\"wp-block-gutentor-e12 section-g0f2a8e gutentor-element gutentor-element-pagination text-align-center-mobile\"><div class=\"gutentor-pagination-wrap\" data-maxnumpages=\"1\"><ul class=\"gutentor-pagination\"><li class=\"gutentor-pagination-item gutentor-pagination-prev\"><a class=\"gutentor-pagination-link gutentor-disabled\" href=\"#\"><i class=\"fas fa-chevron-left\"><\/i>Previous<\/a><\/li><li class=\"gutentor-pagination-item gutentor-pagination-active\" data-gpage=\"1\"><a class=\"gutentor-pagination-link\" href=\"#\">1<\/a><\/li><li class=\"gutentor-pagination-item gutentor-pagination-next\"><a class=\"gutentor-pagination-link gutentor-disabled\" href=\"#\" data-gpage=\"2\">Next<i class=\"fas fa-chevron-right\"><\/i><\/a><\/li><\/ul><\/div><\/div>\n<\/div><\/div>\n<\/div><\/div><\/div>\n<\/section>\n<\/div>\n<\/div>\n","protected":false},"excerpt":{"rendered":"<p>Acompanhe nesta se\u00e7\u00e3o comunicados e not\u00edcias relevantes que selecionamos para voc\u00ea.<\/p>\n","protected":false},"author":1,"featured_media":0,"parent":0,"menu_order":0,"comment_status":"closed","ping_status":"closed","template":"","meta":{"footnotes":""},"_links":{"self":[{"href":"https:\/\/www.sbq.org.br\/amazonas\/wp-json\/wp\/v2\/pages\/20"}],"collection":[{"href":"https:\/\/www.sbq.org.br\/amazonas\/wp-json\/wp\/v2\/pages"}],"about":[{"href":"https:\/\/www.sbq.org.br\/amazonas\/wp-json\/wp\/v2\/types\/page"}],"author":[{"embeddable":true,"href":"https:\/\/www.sbq.org.br\/amazonas\/wp-json\/wp\/v2\/users\/1"}],"replies":[{"embeddable":true,"href":"https:\/\/www.sbq.org.br\/amazonas\/wp-json\/wp\/v2\/comments?post=20"}],"version-history":[{"count":8,"href":"https:\/\/www.sbq.org.br\/amazonas\/wp-json\/wp\/v2\/pages\/20\/revisions"}],"predecessor-version":[{"id":135,"href":"https:\/\/www.sbq.org.br\/amazonas\/wp-json\/wp\/v2\/pages\/20\/revisions\/135"}],"wp:attachment":[{"href":"https:\/\/www.sbq.org.br\/amazonas\/wp-json\/wp\/v2\/media?parent=20"}],"curies":[{"name":"wp","href":"https:\/\/api.w.org\/{rel}","templated":true}]}}