{"id":29,"date":"2024-01-10T14:14:04","date_gmt":"2024-01-10T17:14:04","guid":{"rendered":"https:\/\/www.sbq.org.br\/alagoas\/?page_id=29"},"modified":"2024-01-10T14:14:04","modified_gmt":"2024-01-10T17:14:04","slug":"links","status":"publish","type":"page","link":"https:\/\/www.sbq.org.br\/alagoas\/links\/","title":{"rendered":"Links"},"content":{"rendered":"\n<p><a href=\"http:\/\/www.iqb.ufal.br\" target=\"_blank\" rel=\"noreferrer noopener\">IQB\/UFAL<\/a><\/p>\n\n\n\n<p>Instituto de Qu\u00edmica e Biotecnologia da Universidade Federal de Alagoas<\/p>\n\n\n\n<p><a href=\"http:\/\/www.vieqba.com.br\/portal\/index.php\/apresent\" target=\"_blank\" rel=\"noreferrer noopener\">VI EQBA e 5o. Encontro da SBQ<\/a><\/p>\n\n\n\n<p>O EQBA \u00e9 um evento que ocorre desde 2005 com periodicidade bienal. Foi realizado pela Secretaria Regional-Bahia da Sociedade Brasileira de Qu\u00edmica, tendo sido realizado nas cidades de Salvador, Ilh\u00e9us, Jequi\u00e9, Barreiras e Amargosa, em 2005, 2007, 2008, 2010 e 2012 respectivamente nesta ordem. Em 2014, a comunidade de Qu\u00edmica da Bahia e dos principais estados do nordeste reunir-se-\u00e3o em Porto Seguro, no Extremo sul da Bahia.<\/p>\n","protected":false},"excerpt":{"rendered":"<p>IQB\/UFAL Instituto de Qu\u00edmica e Biotecnologia da Universidade Federal de Alagoas VI EQBA e 5o. Encontro da SBQ O EQBA \u00e9 um evento que ocorre desde 2005 com periodicidade bienal. Foi realizado pela Secretaria Regional-Bahia da Sociedade Brasileira de Qu\u00edmica, tendo sido realizado nas cidades de Salvador, Ilh\u00e9us, Jequi\u00e9, Barreiras e Amargosa, em 2005, 2007, [&hellip;]<\/p>\n","protected":false},"author":1,"featured_media":0,"parent":0,"menu_order":0,"comment_status":"closed","ping_status":"closed","template":"","meta":{"footnotes":""},"_links":{"self":[{"href":"https:\/\/www.sbq.org.br\/alagoas\/wp-json\/wp\/v2\/pages\/29"}],"collection":[{"href":"https:\/\/www.sbq.org.br\/alagoas\/wp-json\/wp\/v2\/pages"}],"about":[{"href":"https:\/\/www.sbq.org.br\/alagoas\/wp-json\/wp\/v2\/types\/page"}],"author":[{"embeddable":true,"href":"https:\/\/www.sbq.org.br\/alagoas\/wp-json\/wp\/v2\/users\/1"}],"replies":[{"embeddable":true,"href":"https:\/\/www.sbq.org.br\/alagoas\/wp-json\/wp\/v2\/comments?post=29"}],"version-history":[{"count":1,"href":"https:\/\/www.sbq.org.br\/alagoas\/wp-json\/wp\/v2\/pages\/29\/revisions"}],"predecessor-version":[{"id":30,"href":"https:\/\/www.sbq.org.br\/alagoas\/wp-json\/wp\/v2\/pages\/29\/revisions\/30"}],"wp:attachment":[{"href":"https:\/\/www.sbq.org.br\/alagoas\/wp-json\/wp\/v2\/media?parent=29"}],"curies":[{"name":"wp","href":"https:\/\/api.w.org\/{rel}","templated":true}]}}